{"id":711,"date":"2014-01-12T01:30:52","date_gmt":"2014-01-12T00:30:52","guid":{"rendered":"http:\/\/orthopaedie-kulmbach.de\/?page_id=711"},"modified":"2014-03-20T22:40:30","modified_gmt":"2014-03-20T21:40:30","slug":"hilfsmittelversorgung","status":"publish","type":"page","link":"http:\/\/orthopaedie-kulmbach.de\/?page_id=711","title":{"rendered":"Hilfsmittelversorgung"},"content":{"rendered":"<p>Verordnung von allen \u00fcblichen Bandagen, Orthesen, Gehilfen, orthop\u00e4dische Einlagen, Sonderanfertigungen, orthop\u00e4dische Schuhversorgung, Hilfsmittel f\u00fcr den Alltag, f\u00fcr zu Hause und f\u00fcr das Berufsleben. Beratung und Hilfestellung bei von den Krankenkassen abgelehnten Antr\u00e4gen.<\/p>\n","protected":false},"excerpt":{"rendered":"<p>Verordnung von allen \u00fcblichen Bandagen, Orthesen, Gehilfen, orthop\u00e4dische Einlagen, Sonderanfertigungen, orthop\u00e4dische Schuhversorgung, Hilfsmittel f\u00fcr den Alltag, f\u00fcr zu Hause und f\u00fcr das Berufsleben. Beratung und Hilfestellung bei von den Krankenkassen abgelehnten Antr\u00e4gen.<\/p>\n","protected":false},"author":1,"featured_media":0,"parent":27,"menu_order":0,"comment_status":"closed","ping_status":"open","template":"","meta":[],"_links":{"self":[{"href":"http:\/\/orthopaedie-kulmbach.de\/index.php?rest_route=\/wp\/v2\/pages\/711"}],"collection":[{"href":"http:\/\/orthopaedie-kulmbach.de\/index.php?rest_route=\/wp\/v2\/pages"}],"about":[{"href":"http:\/\/orthopaedie-kulmbach.de\/index.php?rest_route=\/wp\/v2\/types\/page"}],"author":[{"embeddable":true,"href":"http:\/\/orthopaedie-kulmbach.de\/index.php?rest_route=\/wp\/v2\/users\/1"}],"replies":[{"embeddable":true,"href":"http:\/\/orthopaedie-kulmbach.de\/index.php?rest_route=%2Fwp%2Fv2%2Fcomments&post=711"}],"version-history":[{"count":3,"href":"http:\/\/orthopaedie-kulmbach.de\/index.php?rest_route=\/wp\/v2\/pages\/711\/revisions"}],"predecessor-version":[{"id":1075,"href":"http:\/\/orthopaedie-kulmbach.de\/index.php?rest_route=\/wp\/v2\/pages\/711\/revisions\/1075"}],"up":[{"embeddable":true,"href":"http:\/\/orthopaedie-kulmbach.de\/index.php?rest_route=\/wp\/v2\/pages\/27"}],"wp:attachment":[{"href":"http:\/\/orthopaedie-kulmbach.de\/index.php?rest_route=%2Fwp%2Fv2%2Fmedia&parent=711"}],"curies":[{"name":"wp","href":"https:\/\/api.w.org\/{rel}","templated":true}]}}