{"id":709,"date":"2014-01-12T01:30:36","date_gmt":"2014-01-12T00:30:36","guid":{"rendered":"http:\/\/orthopaedie-kulmbach.de\/?page_id=709"},"modified":"2014-03-20T22:56:08","modified_gmt":"2014-03-20T21:56:08","slug":"heilmittelverordnungen","status":"publish","type":"page","link":"http:\/\/orthopaedie-kulmbach.de\/?page_id=709","title":{"rendered":"Heilmittelverordnungen"},"content":{"rendered":"<ul style=\"list-style-type: disc;\">\n<li style=\"text-align: justify;\">Beratung und Verordnung von Physiotherapie, Ergotherapie, Manueller Therapie, Massage, W\u00e4rmetherapie, Lymphdrainagen, Osteopathie, Bewegungsb\u00e4der, Unterwassermassagen,<\/li>\n<li style=\"text-align: justify;\">Rehasport und Funktionsstraining,<\/li>\n<li style=\"text-align: justify;\">Rehabilitationsma\u00dfnahmen ambulant oder station\u00e4r.<\/li>\n<\/ul>\n<p style=\"text-align: justify;\">Ich lege besonderen Werte auf den Erhalt von Funktion und Mobilit\u00e4t. Prinzipiell ist das Ziel, so viele aktive Behandlungsm\u00f6glichkeiten zu nutzen wie m\u00f6glich. Die aktive Mitarbeit und die Durchf\u00fchrung von Eigenprogrammen sind dabei h\u00e4ufig ganz enscheidende Faktoren f\u00fcr den Behandlungserfolg. Prinzipiell ist bei speziell bei den gesetzlich versicherten Patienten die geltende Heilmittelverordnungsrichtlinie zu beachten und &#8211; wie auch sonst &#8211; das Wirschaftlichkeitsgebot.\u00a0 Sie erhalten also lediglich die \u201enotwendigen\u201c und \u201eausreichenden\u201c Verordnungen (\u00a7 12 SGB V). \u201cAusreichend\u201d bedeutet \u2013 Sie erinnern sich \u2013 <span style=\"color: #008080;\">die Note vier. <\/span><br \/>\nDen Verordnungsm\u00f6glichkeiten sind hierdurch leider teilweise deutliche Grenzen gesetzt.<\/p>\n","protected":false},"excerpt":{"rendered":"<p>Beratung und Verordnung von Physiotherapie, Ergotherapie, Manueller Therapie, Massage, W\u00e4rmetherapie, Lymphdrainagen, Osteopathie, Bewegungsb\u00e4der, Unterwassermassagen, Rehasport und Funktionsstraining, Rehabilitationsma\u00dfnahmen ambulant oder station\u00e4r. Ich lege besonderen Werte auf den Erhalt von Funktion und Mobilit\u00e4t. Prinzipiell ist das Ziel, so viele aktive Behandlungsm\u00f6glichkeiten &hellip; <a href=\"http:\/\/orthopaedie-kulmbach.de\/?page_id=709\">Weiterlesen <span class=\"meta-nav\">&rarr;<\/span><\/a><\/p>\n","protected":false},"author":1,"featured_media":0,"parent":27,"menu_order":0,"comment_status":"closed","ping_status":"open","template":"","meta":[],"_links":{"self":[{"href":"http:\/\/orthopaedie-kulmbach.de\/index.php?rest_route=\/wp\/v2\/pages\/709"}],"collection":[{"href":"http:\/\/orthopaedie-kulmbach.de\/index.php?rest_route=\/wp\/v2\/pages"}],"about":[{"href":"http:\/\/orthopaedie-kulmbach.de\/index.php?rest_route=\/wp\/v2\/types\/page"}],"author":[{"embeddable":true,"href":"http:\/\/orthopaedie-kulmbach.de\/index.php?rest_route=\/wp\/v2\/users\/1"}],"replies":[{"embeddable":true,"href":"http:\/\/orthopaedie-kulmbach.de\/index.php?rest_route=%2Fwp%2Fv2%2Fcomments&post=709"}],"version-history":[{"count":4,"href":"http:\/\/orthopaedie-kulmbach.de\/index.php?rest_route=\/wp\/v2\/pages\/709\/revisions"}],"predecessor-version":[{"id":1078,"href":"http:\/\/orthopaedie-kulmbach.de\/index.php?rest_route=\/wp\/v2\/pages\/709\/revisions\/1078"}],"up":[{"embeddable":true,"href":"http:\/\/orthopaedie-kulmbach.de\/index.php?rest_route=\/wp\/v2\/pages\/27"}],"wp:attachment":[{"href":"http:\/\/orthopaedie-kulmbach.de\/index.php?rest_route=%2Fwp%2Fv2%2Fmedia&parent=709"}],"curies":[{"name":"wp","href":"https:\/\/api.w.org\/{rel}","templated":true}]}}