{"id":49,"date":"2013-01-28T22:33:29","date_gmt":"2013-01-28T21:33:29","guid":{"rendered":"http:\/\/orthopaedie-kulmbach.de\/?page_id=49"},"modified":"2021-01-17T14:18:27","modified_gmt":"2021-01-17T13:18:27","slug":"gutachten","status":"publish","type":"page","link":"http:\/\/orthopaedie-kulmbach.de\/?page_id=49","title":{"rendered":"Gutachten"},"content":{"rendered":"<p style=\"text-align: justify;\">Im Rahmen meiner Kompetenz in den unfallchirurgischen, orthop\u00e4dischen und sozialmedizinischen Fachgebieten erstelle ich seit \u00fcber 20 Jahren mit gro\u00dfer Sorgfalt Gutachten f\u00fcr :<\/p>\n<p>&#8211; Privatpersonen<br \/>\nz.B. zur Vorlage bei der Krankenversicherung, Widerspr\u00fcche in\u00a0\u00a0 Rentenverfahren etc.<br \/>\n&#8211; gesetzliche und private Krankenversicherungen<br \/>\n&#8211; private Unfallversicherungen<br \/>\n&#8211; Sozialgerichte<br \/>\n&#8211; Versorgungs\u00e4mter<br \/>\n&#8211; Rentenversicherungen<br \/>\nz.B. zu Berufsunf\u00e4higkeit, Erwerbsminderung, Rehabilitationsma\u00dfnahmen<\/p>\n<p style=\"text-align: justify;\">Es steht Ihnen als Patient bzw. Privatperson folgendes Spektrum zur Verf\u00fcgung:<br \/>\nEinfache Befundberichte, ausf\u00fchrliche Arztbriefe, fach\u00e4rztliche Atteste*, kurze gutachterliche Bewertungen*, ausf\u00fchrliche fach\u00e4rztliche Gutachten ggf. mit wissenschaftlicher Begr\u00fcndung*, Zweitmeinungsgutachten* (&#8222;Second Opinion&#8220;).<\/p>\n<p style=\"text-align: justify;\">Sie k\u00f6nnen sich einer gewissenhaften und vor allem <span style=\"color: #008080;\">neutralen<\/span> Pr\u00fcfung der vorliegenden medizinischen Befunde und Unterlagen sicher sein. Gegebenenfalls erforderliche Untersuchungen werden unmittelbar in meiner Praxis durchgef\u00fchrt. Weiterf\u00fchrende Diagnostik (z.B. ger\u00e4tegest\u00fctzte, fachneurologische Untersuchungen, Kernspintomographie) kann zeitnah in Auftrag gegeben werden. M\u00f6gliche anfallende Kosten bespreche ich\u00a0mit Ihnen im Rahmen eines schriftlichen Kostenvoranschlages.<\/p>\n<p style=\"text-align: justify;\">Ich garantiere <span style=\"color: #008080;\">wirtschaftliche Unabh\u00e4ngigkeit<\/span>, <span style=\"color: #008080;\">Objektivit\u00e4t, einen hohen Qualit\u00e4tsstandard<\/span> und eine <span style=\"color: #008080;\">seri\u00f6se<\/span> <span style=\"color: #008080;\">Beratung<\/span> damit Sie die Erfolgsaussichten eines eventuellen Rechtsstreites optimal einsch\u00e4tzen k\u00f6nnen.<\/p>\n<p style=\"text-align: justify;\"><span style=\"font-size: 16px;\"><strong><span style=\"color: #000000;\">Zweitmeinungsgutachten<\/span><\/strong><\/span><\/p>\n<p style=\"text-align: justify;\">Oft gibt es durchaus berechtigte Zweifel ob z.B. ein operativer Eingriff tats\u00e4chlich richtig und notwenig ist &#8211; oder war, bzw. ob die konservativen Ma\u00dfnahmen ausgesch\u00f6pft worden sind. Auch geltende Leitlinien insbesondere f\u00fcr Eingriffe an der Wirbels\u00e4ule sollten ausreichend beachtet werden.<br \/>\nDie Operationszahlen gerade im orthop\u00e4dischen Fachgebiet haben in den letzten Jahren erheblich zugenommen, was nicht alleine durch die \u00e4lter werdende Bev\u00f6lkerung und bessere OP Technik zu erkl\u00e4ren ist. Darauf wird auch in den Medien zunehmend hingewiesen <span style=\"font-size: 12px;\">(Orthop Mitteilungen 2\/2010)<\/span>. Operative Einrichtungen haben h\u00e4ufig hohen Kostendruck. Konzerneigene Kliniken sind Aktion\u00e4ren verpflichtet und entsprechend auch gewinnorientiert. Professor Dr. Reiner Gradinger (ehem. Pr\u00e4sident der Deutschen Gesellschft f\u00fcr Chirurgie) warnte bereits 2010 sogar vor einer &#8222;Kommerzialisierung&#8220; der Medizin. Die aktuelle Entwicklung in Deutschland hat mit einer Steigerung der Operationszahlen an der Wirbels\u00e4ule um 135 % innerhalb der letzten Jahre sogar die schlimmsten Bef\u00fcrchtungen \u00fcbertroffen.<br \/>\nGrunds\u00e4tzlich unterliegen medizinische Gutachten der freien Meinungs\u00e4u\u00dferung. Unterschiedliche Beurteilungen sind zul\u00e4ssig. Auf Grund meiner umfangreichen Erfahrungen sowohl in operativen als auch in konservativen Behandlungsm\u00f6glichkeiten und der <span style=\"color: #008080;\">wirtschaftlich unabh\u00e4ngigen Praxisf\u00fchrung <\/span>kann ich Ihnen fundierte, objektive Kompetenz f\u00fcr ein Zweitmeinungsgutachten* versichern.<\/p>\n<p style=\"text-align: justify;\"><span style=\"font-size: 12px;\">Rechtlicher Hinweis: <\/span><br \/>\n<span style=\"font-size: 12px;\"> Zweitmeinungen werden durch mich ausschlie\u00dflich nach pers\u00f6nlichem Kontakt abgegeben. Es erfolgt keine Leistung, die z.B. alleine auf Internetkontakt basiert. Dieses Vorgehen entspricht nicht meiner \u00e4rztlichen Grundeinstellung und nicht der geltenden Berufsordnung: <\/span><br \/>\n<span style=\"font-size: 12px;\"> &#8222;\u00c4rztinnen und \u00c4rzte d\u00fcrfen individuelle Behandlung, insbesondere auch Beratung, nicht ausschlie\u00dflich \u00fcber Print- und Kommunikationsmedien durchf\u00fchren. Auch bei telemedizinischen Verfahren ist zu gew\u00e4hrleisten, dass eine \u00c4rztin oder ein Arzt die Patientin oder den Patienten unmittelbar behandelt.&#8220; (\u00a7 7, Abs. 4)<br \/>\n<\/span><\/p>\n<p style=\"text-align: justify;\">\u00a0*<strong>Liquiditation<\/strong><br \/>\nDie Rechnungsstellung richtet sich nach dem zeitlichen Aufwand \u00a0und der Problematik des individuellen Sachverhaltes. Grundlage ist die aktuellen Geb\u00fchrenordnung f\u00fcr \u00c4rzte (GO\u00c4 1996). Bei hochkomplexen Sachverhalten kann auch in Anlehnung an das JVEG (Justizverg\u00fctungs- und -entsch\u00e4digungsgesetz) die Verg\u00fctung bis zur Stufe M3 zzgl. Schreib-, Druck- und Kopierauslagen und sowie Porto\/Telefon erfolgen.<\/p>\n<p style=\"text-align: justify;\"><span style=\"font-size: 12px;\">\u00a0<\/span><\/p>\n","protected":false},"excerpt":{"rendered":"<p>Im Rahmen meiner Kompetenz in den unfallchirurgischen, orthop\u00e4dischen und sozialmedizinischen Fachgebieten erstelle ich seit \u00fcber 20 Jahren mit gro\u00dfer Sorgfalt Gutachten f\u00fcr : &#8211; Privatpersonen z.B. zur Vorlage bei der Krankenversicherung, Widerspr\u00fcche in\u00a0\u00a0 Rentenverfahren etc. &#8211; gesetzliche und private Krankenversicherungen &hellip; <a href=\"http:\/\/orthopaedie-kulmbach.de\/?page_id=49\">Weiterlesen <span class=\"meta-nav\">&rarr;<\/span><\/a><\/p>\n","protected":false},"author":1,"featured_media":0,"parent":0,"menu_order":0,"comment_status":"closed","ping_status":"open","template":"","meta":[],"_links":{"self":[{"href":"http:\/\/orthopaedie-kulmbach.de\/index.php?rest_route=\/wp\/v2\/pages\/49"}],"collection":[{"href":"http:\/\/orthopaedie-kulmbach.de\/index.php?rest_route=\/wp\/v2\/pages"}],"about":[{"href":"http:\/\/orthopaedie-kulmbach.de\/index.php?rest_route=\/wp\/v2\/types\/page"}],"author":[{"embeddable":true,"href":"http:\/\/orthopaedie-kulmbach.de\/index.php?rest_route=\/wp\/v2\/users\/1"}],"replies":[{"embeddable":true,"href":"http:\/\/orthopaedie-kulmbach.de\/index.php?rest_route=%2Fwp%2Fv2%2Fcomments&post=49"}],"version-history":[{"count":27,"href":"http:\/\/orthopaedie-kulmbach.de\/index.php?rest_route=\/wp\/v2\/pages\/49\/revisions"}],"predecessor-version":[{"id":1386,"href":"http:\/\/orthopaedie-kulmbach.de\/index.php?rest_route=\/wp\/v2\/pages\/49\/revisions\/1386"}],"wp:attachment":[{"href":"http:\/\/orthopaedie-kulmbach.de\/index.php?rest_route=%2Fwp%2Fv2%2Fmedia&parent=49"}],"curies":[{"name":"wp","href":"https:\/\/api.w.org\/{rel}","templated":true}]}}