{"id":446,"date":"2013-06-02T23:21:00","date_gmt":"2013-06-02T21:21:00","guid":{"rendered":"http:\/\/orthopaedie-kulmbach.de\/?page_id=446"},"modified":"2014-03-16T22:53:01","modified_gmt":"2014-03-16T21:53:01","slug":"beratung","status":"publish","type":"page","link":"http:\/\/orthopaedie-kulmbach.de\/?page_id=446","title":{"rendered":"Beratung"},"content":{"rendered":"<p style=\"text-align: justify;\">Ich darf hierzu auch auf unsere Praxisphilosophie verweisen. Jede Beratung sollte fachkundig, fundiert, verst\u00e4ndlich und vor allem frei von witschftlichen Zw\u00e4ngen sein. Hierbei ist eine unabh\u00e4ngige F\u00fchrung von entscheidender Bedeutung, egal ob es um diagnostische Verfahren geht, um Mitbehandlungen durch Physiotherapiepraxen und Kliniken, oder um die Versorgung durch Sanit\u00e4tsh\u00e4user und Apotheken.<\/p>\n<p style=\"text-align: justify;\">Oft stellt sich die Frage welches Vorgehen besser ist. Sollte man sich einer Operation unterziehen oder gibt es schonende, konservative Verfahren?<br \/>\nWie Sie sicher der Presse entnommen haben gibt es in Deutschland einerseits viel zu viele Operationen gerade im orthop\u00e4dischen Fachgebiet. Die\u00a0 Wirbels\u00e4uleneingriffe steigen zum Beispiel rasant Jahr f\u00fcr Jahr und jeder wei\u00df, da\u00df dies nicht mehr alleine medizinisch zu begr\u00fcnden ist. Die Ergebnisse sind oft entt\u00e4uschend. Andererseits sind manche Operationen unausweichlich z.B. um die Gehf\u00e4higkeit oder die Eigenst\u00e4ndigkeit zu erhalten, oder um starke, therpieresistente Schmerzen zu bek\u00e4mpfen.<\/p>\n<p style=\"text-align: justify;\">Die entscheidenden Fragen aus \u00e4rztlicher Sicht sind: Was empfehle ich Wem und Wann. Die eigentliche \u00e4rztliche Kunst ist somit, den Patienten in seiner ganz pers\u00f6nlichen speziellen Situation zu analysieren, alles abzuw\u00e4gen und in jedem Einzelfall herauszufinden,<span style=\"color: #008080;\"> Was Wem Wann<\/span> am Besten hilft.<\/p>\n<p style=\"text-align: justify;\">Sollten Sie sich nach meiner Beratung zu einer Operation entschlie\u00dfen helfe ich Ihnen gerne bei der Auswahl einer geeigneten Einrichtung. Nat\u00fcrlich mu\u00df man nicht zu jeder Operation durch halb oder ganz Deutschland fahren, um eine m\u00f6glichst optimale Versorgung zu bekommen. H\u00e4ufig gibt es hervorragende Operateure vor Ort oder in n\u00e4herer Umgebung. Sie sollten sich aber bewu\u00dft machen, da\u00df jede jede Operation eine <span style=\"color: #008080;\">Einbahnstra\u00dfe<\/span> ist und deshalb doppelt sorgf\u00e4ltig \u00fcberlegt sein mu\u00df. Prinzipiell gilt deutschlandweit die freie Arztwahl, d.h. selbst die gesetzlichen Kassen m\u00fcssen auch die Kosten von Spezialkliniken tragen. Lediglich die Fahrtkosten m\u00fcssen die Kassen nicht in jedem Fall \u00fcbernehmen. Es steht Ihnen also frei, auch eine spezielisierte Fachklinik zu w\u00e4hlen.<br \/>\nIch kann Ihnen eine unabh\u00e4ngige Beratung versichern. Es gibt keinerlei finanzielle Verflechtungen meiner Praxis mit MVZ&#8217;s, Kliniken oder anderen operativen Einrichtungen.<\/p>\n","protected":false},"excerpt":{"rendered":"<p>Ich darf hierzu auch auf unsere Praxisphilosophie verweisen. Jede Beratung sollte fachkundig, fundiert, verst\u00e4ndlich und vor allem frei von witschftlichen Zw\u00e4ngen sein. Hierbei ist eine unabh\u00e4ngige F\u00fchrung von entscheidender Bedeutung, egal ob es um diagnostische Verfahren geht, um Mitbehandlungen durch &hellip; <a href=\"http:\/\/orthopaedie-kulmbach.de\/?page_id=446\">Weiterlesen <span class=\"meta-nav\">&rarr;<\/span><\/a><\/p>\n","protected":false},"author":1,"featured_media":0,"parent":27,"menu_order":0,"comment_status":"closed","ping_status":"open","template":"","meta":[],"_links":{"self":[{"href":"http:\/\/orthopaedie-kulmbach.de\/index.php?rest_route=\/wp\/v2\/pages\/446"}],"collection":[{"href":"http:\/\/orthopaedie-kulmbach.de\/index.php?rest_route=\/wp\/v2\/pages"}],"about":[{"href":"http:\/\/orthopaedie-kulmbach.de\/index.php?rest_route=\/wp\/v2\/types\/page"}],"author":[{"embeddable":true,"href":"http:\/\/orthopaedie-kulmbach.de\/index.php?rest_route=\/wp\/v2\/users\/1"}],"replies":[{"embeddable":true,"href":"http:\/\/orthopaedie-kulmbach.de\/index.php?rest_route=%2Fwp%2Fv2%2Fcomments&post=446"}],"version-history":[{"count":9,"href":"http:\/\/orthopaedie-kulmbach.de\/index.php?rest_route=\/wp\/v2\/pages\/446\/revisions"}],"predecessor-version":[{"id":1043,"href":"http:\/\/orthopaedie-kulmbach.de\/index.php?rest_route=\/wp\/v2\/pages\/446\/revisions\/1043"}],"up":[{"embeddable":true,"href":"http:\/\/orthopaedie-kulmbach.de\/index.php?rest_route=\/wp\/v2\/pages\/27"}],"wp:attachment":[{"href":"http:\/\/orthopaedie-kulmbach.de\/index.php?rest_route=%2Fwp%2Fv2%2Fmedia&parent=446"}],"curies":[{"name":"wp","href":"https:\/\/api.w.org\/{rel}","templated":true}]}}