{"id":441,"date":"2013-06-02T23:17:33","date_gmt":"2013-06-02T21:17:33","guid":{"rendered":"http:\/\/orthopaedie-kulmbach.de\/?page_id=441"},"modified":"2021-01-17T16:01:02","modified_gmt":"2021-01-17T15:01:02","slug":"injektionsbehandlungen","status":"publish","type":"page","link":"http:\/\/orthopaedie-kulmbach.de\/?page_id=441","title":{"rendered":"Injektionsbehandlungen"},"content":{"rendered":"<ul>\n<li><a href=\"http:\/\/orthopaedie-kulmbach.de\/?page_id=336\"><span style=\"color: #008080; font-size: 14pt;\">Quellgastherapie <\/span><span style=\"color: #008080;\"><span style=\"font-size: 14pt;\">(CO2)<\/span><\/span><\/a><br \/>\nvergleichbar mit dem &#8222;Quaddeln&#8220;, aber wesentlich effektiver mit l\u00e4nger anhaltender Wirkung, auf nat\u00fcrlicher Basis<\/li>\n<\/ul>\n<ul>\n<li><span style=\"font-size: 14pt;\">Neuraltherapie<\/span><\/li>\n<\/ul>\n<ul>\n<li style=\"text-align: justify;\"><span style=\"font-size: 14pt;\">Proliferationstherapie<br \/>\n<\/span>zur Stabilisierung und Straffung hypermobiler Gelenke, Wirbelverbindungen und Gelenkfugen wie z.B. die Sakroiliakalgelenke<\/li>\n<\/ul>\n<ul>\n<li><span style=\"font-size: 14pt;\">Wirbels\u00e4ule<br \/>\n<\/span>gezielte Injektionstechniken an Wirbelgelenken, entz\u00fcndlich schmerzenden Nervenwurzeln (&#8222;Ischias&#8220;) und Bandscheiben. Es sind meist mehrere Sitzungen erforderlich. Die Injektionen erfolgen teilweise ultraschallgesteuert. Bei manchen Indikationen m\u00fcssen Sie f\u00fcr ca. drei\u00dfig Minuten \u00fcberwacht werden.<\/li>\n<\/ul>\n<ul>\n<li style=\"text-align: justify;\"><span style=\"font-size: 14pt;\">Gelenke<\/span><br \/>\nDurch meine Ausbildung, Weiterbildung und Erfahrung kann ich Ihnen fachgerechte\u00a0 Injektionstechniken an allen Gelenkstrukturen des K\u00f6pers anbieten, vom Zeh bis zu den Wirbelgelenken.\u00a0 Auch hier mu\u00df es nicht immer Kortison sein. H\u00e4ufig gibt es gewebeschonende Alternativen zur Schmerztherapie. Sogenannte Triggerpunkte, Gelenkkapselstrukturen oder Sehnen- und Bandans\u00e4tze k\u00f6nnen gezielt infiltriert werden. Oft ist es auch sinnvoll direkt in den Gelenkraum zu spritzen. Dies sollte nat\u00fcrlich unter sterilen Bedingungen erfolgen unter strikter Ber\u00fccksichtigung der geltenden Leitlinien.<\/li>\n<\/ul>\n<ul>\n<li style=\"text-align: justify;\"><span style=\"font-size: 14pt;\">Osteoporose<br \/>\n<span style=\"font-size: 12pt;\">Zur Behandlung der Osteoporose stehen neben Medikamenten in Tabletten- oder Brauseform auch hochwirksame Spritzenbehandlungen zur Verf\u00fcgung. Diese k\u00f6nnen unter die Haut (s.c.) oder auch in eine Vene injizert werden. Es gibt t\u00e4gliche, monatliche, dreimonatliche oder auch halbj\u00e4hrige Anwendungen.\u00a0<\/span> <\/span><\/li>\n<\/ul>\n","protected":false},"excerpt":{"rendered":"<p>Quellgastherapie (CO2) vergleichbar mit dem &#8222;Quaddeln&#8220;, aber wesentlich effektiver mit l\u00e4nger anhaltender Wirkung, auf nat\u00fcrlicher Basis Neuraltherapie Proliferationstherapie zur Stabilisierung und Straffung hypermobiler Gelenke, Wirbelverbindungen und Gelenkfugen wie z.B. die Sakroiliakalgelenke Wirbels\u00e4ule gezielte Injektionstechniken an Wirbelgelenken, entz\u00fcndlich schmerzenden Nervenwurzeln (&#8222;Ischias&#8220;) &hellip; <a href=\"http:\/\/orthopaedie-kulmbach.de\/?page_id=441\">Weiterlesen <span class=\"meta-nav\">&rarr;<\/span><\/a><\/p>\n","protected":false},"author":1,"featured_media":0,"parent":27,"menu_order":0,"comment_status":"closed","ping_status":"open","template":"","meta":[],"_links":{"self":[{"href":"http:\/\/orthopaedie-kulmbach.de\/index.php?rest_route=\/wp\/v2\/pages\/441"}],"collection":[{"href":"http:\/\/orthopaedie-kulmbach.de\/index.php?rest_route=\/wp\/v2\/pages"}],"about":[{"href":"http:\/\/orthopaedie-kulmbach.de\/index.php?rest_route=\/wp\/v2\/types\/page"}],"author":[{"embeddable":true,"href":"http:\/\/orthopaedie-kulmbach.de\/index.php?rest_route=\/wp\/v2\/users\/1"}],"replies":[{"embeddable":true,"href":"http:\/\/orthopaedie-kulmbach.de\/index.php?rest_route=%2Fwp%2Fv2%2Fcomments&post=441"}],"version-history":[{"count":15,"href":"http:\/\/orthopaedie-kulmbach.de\/index.php?rest_route=\/wp\/v2\/pages\/441\/revisions"}],"predecessor-version":[{"id":1434,"href":"http:\/\/orthopaedie-kulmbach.de\/index.php?rest_route=\/wp\/v2\/pages\/441\/revisions\/1434"}],"up":[{"embeddable":true,"href":"http:\/\/orthopaedie-kulmbach.de\/index.php?rest_route=\/wp\/v2\/pages\/27"}],"wp:attachment":[{"href":"http:\/\/orthopaedie-kulmbach.de\/index.php?rest_route=%2Fwp%2Fv2%2Fmedia&parent=441"}],"curies":[{"name":"wp","href":"https:\/\/api.w.org\/{rel}","templated":true}]}}