{"id":430,"date":"2013-06-02T23:06:35","date_gmt":"2013-06-02T21:06:35","guid":{"rendered":"http:\/\/orthopaedie-kulmbach.de\/?page_id=430"},"modified":"2014-02-20T20:58:10","modified_gmt":"2014-02-20T19:58:10","slug":"unfallversorgung","status":"publish","type":"page","link":"http:\/\/orthopaedie-kulmbach.de\/?page_id=430","title":{"rendered":"Unfall- und Notfallversorgung"},"content":{"rendered":"<ul style=\"list-style-type: disc;\">\n<li>Wundversorgungen unter streng sterilen Bedingungen im OP- Raum<\/li>\n<li>Behandlung von Knochenbr\u00fcchen, Verstauchungen, Kapsel- Bandverletzungen<\/li>\n<li>Gipsraum, komplette Hilfsmittelversorgung (Gehst\u00fctzen, Bandagen, Schienen etc.)<\/li>\n<li>Behandlung von akuten Gelenk- oder Weichteilentz\u00fcndungen<\/li>\n<li>Hexenschu\u00df, akute Ischiasbeschwerden<\/li>\n<li>Schiefhals, Wirbelblockierungen<\/li>\n<li>und Weiteres<\/li>\n<\/ul>\n","protected":false},"excerpt":{"rendered":"<p>Wundversorgungen unter streng sterilen Bedingungen im OP- Raum Behandlung von Knochenbr\u00fcchen, Verstauchungen, Kapsel- Bandverletzungen Gipsraum, komplette Hilfsmittelversorgung (Gehst\u00fctzen, Bandagen, Schienen etc.) Behandlung von akuten Gelenk- oder Weichteilentz\u00fcndungen Hexenschu\u00df, akute Ischiasbeschwerden Schiefhals, Wirbelblockierungen und Weiteres<\/p>\n","protected":false},"author":1,"featured_media":0,"parent":27,"menu_order":0,"comment_status":"closed","ping_status":"open","template":"","meta":[],"_links":{"self":[{"href":"http:\/\/orthopaedie-kulmbach.de\/index.php?rest_route=\/wp\/v2\/pages\/430"}],"collection":[{"href":"http:\/\/orthopaedie-kulmbach.de\/index.php?rest_route=\/wp\/v2\/pages"}],"about":[{"href":"http:\/\/orthopaedie-kulmbach.de\/index.php?rest_route=\/wp\/v2\/types\/page"}],"author":[{"embeddable":true,"href":"http:\/\/orthopaedie-kulmbach.de\/index.php?rest_route=\/wp\/v2\/users\/1"}],"replies":[{"embeddable":true,"href":"http:\/\/orthopaedie-kulmbach.de\/index.php?rest_route=%2Fwp%2Fv2%2Fcomments&post=430"}],"version-history":[{"count":8,"href":"http:\/\/orthopaedie-kulmbach.de\/index.php?rest_route=\/wp\/v2\/pages\/430\/revisions"}],"predecessor-version":[{"id":1002,"href":"http:\/\/orthopaedie-kulmbach.de\/index.php?rest_route=\/wp\/v2\/pages\/430\/revisions\/1002"}],"up":[{"embeddable":true,"href":"http:\/\/orthopaedie-kulmbach.de\/index.php?rest_route=\/wp\/v2\/pages\/27"}],"wp:attachment":[{"href":"http:\/\/orthopaedie-kulmbach.de\/index.php?rest_route=%2Fwp%2Fv2%2Fmedia&parent=430"}],"curies":[{"name":"wp","href":"https:\/\/api.w.org\/{rel}","templated":true}]}}