{"id":424,"date":"2013-06-02T23:03:04","date_gmt":"2013-06-02T21:03:04","guid":{"rendered":"http:\/\/orthopaedie-kulmbach.de\/?page_id=424"},"modified":"2014-03-16T23:36:38","modified_gmt":"2014-03-16T22:36:38","slug":"sportmedizin","status":"publish","type":"page","link":"http:\/\/orthopaedie-kulmbach.de\/?page_id=424","title":{"rendered":"Sportmedizin"},"content":{"rendered":"<p><span style=\"color: #008080;\"><strong>Sportmedizinischer Check und Beratung<\/strong> <span style=\"color: #000000;\">(siehe auch unter \u201c<a title=\"Sportmedizin\" href=\"http:\/\/orthopaedie-kulmbach.de\/?page_id=255\">Sportmedizin<\/a>\u201c)<\/span><strong> <\/strong><\/span><\/p>\n<p style=\"text-align: justify;\">\u201cBewegung ist Medizin\u201d, \u201cwer rastet der rostet\u201d, etc. Der Volksmund bietet aus orthop\u00e4discher Sicht eine F\u00fclle von guten Ratschl\u00e4gen. Diese sind nat\u00fcrlich sehr allgemein gehalten. Im Einzellfall gilt es die sportlichen Belastungen den k\u00f6rperlichen M\u00f6glichkeiten anzupassen. Diese sind oft gerade bei der mittleren und h\u00f6heren Altersgruppe eingeschr\u00e4nkt, da schon Gelenkprobleme bestehen oder Wirbels\u00e4ulenbeschwerden.<\/p>\n","protected":false},"excerpt":{"rendered":"<p>Sportmedizinischer Check und Beratung (siehe auch unter \u201cSportmedizin\u201c) \u201cBewegung ist Medizin\u201d, \u201cwer rastet der rostet\u201d, etc. Der Volksmund bietet aus orthop\u00e4discher Sicht eine F\u00fclle von guten Ratschl\u00e4gen. Diese sind nat\u00fcrlich sehr allgemein gehalten. Im Einzellfall gilt es die sportlichen Belastungen &hellip; <a href=\"http:\/\/orthopaedie-kulmbach.de\/?page_id=424\">Weiterlesen <span class=\"meta-nav\">&rarr;<\/span><\/a><\/p>\n","protected":false},"author":1,"featured_media":0,"parent":27,"menu_order":0,"comment_status":"closed","ping_status":"open","template":"","meta":[],"_links":{"self":[{"href":"http:\/\/orthopaedie-kulmbach.de\/index.php?rest_route=\/wp\/v2\/pages\/424"}],"collection":[{"href":"http:\/\/orthopaedie-kulmbach.de\/index.php?rest_route=\/wp\/v2\/pages"}],"about":[{"href":"http:\/\/orthopaedie-kulmbach.de\/index.php?rest_route=\/wp\/v2\/types\/page"}],"author":[{"embeddable":true,"href":"http:\/\/orthopaedie-kulmbach.de\/index.php?rest_route=\/wp\/v2\/users\/1"}],"replies":[{"embeddable":true,"href":"http:\/\/orthopaedie-kulmbach.de\/index.php?rest_route=%2Fwp%2Fv2%2Fcomments&post=424"}],"version-history":[{"count":3,"href":"http:\/\/orthopaedie-kulmbach.de\/index.php?rest_route=\/wp\/v2\/pages\/424\/revisions"}],"predecessor-version":[{"id":1057,"href":"http:\/\/orthopaedie-kulmbach.de\/index.php?rest_route=\/wp\/v2\/pages\/424\/revisions\/1057"}],"up":[{"embeddable":true,"href":"http:\/\/orthopaedie-kulmbach.de\/index.php?rest_route=\/wp\/v2\/pages\/27"}],"wp:attachment":[{"href":"http:\/\/orthopaedie-kulmbach.de\/index.php?rest_route=%2Fwp%2Fv2%2Fmedia&parent=424"}],"curies":[{"name":"wp","href":"https:\/\/api.w.org\/{rel}","templated":true}]}}