{"id":404,"date":"2013-06-02T22:29:10","date_gmt":"2013-06-02T20:29:10","guid":{"rendered":"http:\/\/orthopaedie-kulmbach.de\/?page_id=404"},"modified":"2014-03-16T22:58:00","modified_gmt":"2014-03-16T21:58:00","slug":"vibrationsmassage","status":"publish","type":"page","link":"http:\/\/orthopaedie-kulmbach.de\/?page_id=404","title":{"rendered":"Vibrationsmassage"},"content":{"rendered":"<p><strong><span style=\"font-size: 16px;\">Alt aber oho !<\/span><\/strong><\/p>\n<p style=\"text-align: justify;\">Als ich bei der Praxis\u00fcbernahme 2000 den &#8222;Vibrationsmassagestuhl&#8220;\u00a0 zum ersten Mal sah, wu\u00dfte ich nicht so recht &#8211; entsorgen oder einfach mal versuchen. Er ist massiv gebaut und wirkt etwas altert\u00fcmlich f\u00fcr eine moderne Praxis. Mein Praxisvorg\u00e4nger Herr Koszweski und auch das Praxispersonal schworen allerdings darauf. Alle rieten von einer Entsorgung unbedingt ab. Ich testete den Stuhl selbst und war positiv \u00fcberrascht. Man liegt bequem und kann die gesamte Wirbels\u00e4ule sanft aber effektiv behandeln. Dazu kam, da\u00df das Ger\u00e4t extrem schwer ist, so da\u00df ich es erst mal stehen lie\u00df. Woche f\u00fcr Woche kamen Patienten mit R\u00fcckenbeschwerden und fragten nach, ob ich den &#8222;Massagestuhl&#8220;\u00a0 vom Vorg\u00e4nger mit \u00fcbernommen h\u00e4tte. Ich mu\u00df sagen &#8222;Gott sei Dank&#8220;. Er steht bis heute und hilft t\u00e4glich vielen Patienten.<\/p>\n<p style=\"text-align: justify;\">Die Vibrationsmassage kommt bei folgenden Krankheitsbildern zum Einsatz:<\/p>\n<ul style=\"list-style-type: disc;\">\n<li>akuten Schmerzen an Hals- Brust- oder Lewendenwirbels\u00e4ule und im Beckenbereich (&#8222;SIG&#8220;)<\/li>\n<li>Blockierungen<\/li>\n<li>akuten muskul\u00e4ren Verspannungen<\/li>\n<li>Ischiasbeschwerden<\/li>\n<\/ul>\n<p style=\"text-align: justify;\">Die Vibrationsmassage nutzt ein mechanisches sanftes Impulsverfahren und wird in der Regel als angenehm empfunden. Eine Anwendung in bequemer, halbsitzender oder auch liegender Position dauert etwa 10 bis 15 Minuten. Meist sind sechs bis acht Sitzungen erforderlich. Nebenwirkungen sind nicht bekannt.<\/p>\n","protected":false},"excerpt":{"rendered":"<p>Alt aber oho ! Als ich bei der Praxis\u00fcbernahme 2000 den &#8222;Vibrationsmassagestuhl&#8220;\u00a0 zum ersten Mal sah, wu\u00dfte ich nicht so recht &#8211; entsorgen oder einfach mal versuchen. Er ist massiv gebaut und wirkt etwas altert\u00fcmlich f\u00fcr eine moderne Praxis. Mein &hellip; <a href=\"http:\/\/orthopaedie-kulmbach.de\/?page_id=404\">Weiterlesen <span class=\"meta-nav\">&rarr;<\/span><\/a><\/p>\n","protected":false},"author":1,"featured_media":0,"parent":27,"menu_order":0,"comment_status":"closed","ping_status":"open","template":"","meta":[],"_links":{"self":[{"href":"http:\/\/orthopaedie-kulmbach.de\/index.php?rest_route=\/wp\/v2\/pages\/404"}],"collection":[{"href":"http:\/\/orthopaedie-kulmbach.de\/index.php?rest_route=\/wp\/v2\/pages"}],"about":[{"href":"http:\/\/orthopaedie-kulmbach.de\/index.php?rest_route=\/wp\/v2\/types\/page"}],"author":[{"embeddable":true,"href":"http:\/\/orthopaedie-kulmbach.de\/index.php?rest_route=\/wp\/v2\/users\/1"}],"replies":[{"embeddable":true,"href":"http:\/\/orthopaedie-kulmbach.de\/index.php?rest_route=%2Fwp%2Fv2%2Fcomments&post=404"}],"version-history":[{"count":7,"href":"http:\/\/orthopaedie-kulmbach.de\/index.php?rest_route=\/wp\/v2\/pages\/404\/revisions"}],"predecessor-version":[{"id":1045,"href":"http:\/\/orthopaedie-kulmbach.de\/index.php?rest_route=\/wp\/v2\/pages\/404\/revisions\/1045"}],"up":[{"embeddable":true,"href":"http:\/\/orthopaedie-kulmbach.de\/index.php?rest_route=\/wp\/v2\/pages\/27"}],"wp:attachment":[{"href":"http:\/\/orthopaedie-kulmbach.de\/index.php?rest_route=%2Fwp%2Fv2%2Fmedia&parent=404"}],"curies":[{"name":"wp","href":"https:\/\/api.w.org\/{rel}","templated":true}]}}