{"id":398,"date":"2013-06-02T22:21:46","date_gmt":"2013-06-02T20:21:46","guid":{"rendered":"http:\/\/orthopaedie-kulmbach.de\/?page_id=398"},"modified":"2021-01-17T16:16:28","modified_gmt":"2021-01-17T15:16:28","slug":"physikalische-therapie","status":"publish","type":"page","link":"http:\/\/orthopaedie-kulmbach.de\/?page_id=398","title":{"rendered":"Physikalische Therapie, Sto\u00dfwellen"},"content":{"rendered":"<ul>\n<li style=\"text-align: justify;\"><a title=\"Sto\u00dfwellentherapie\" href=\"http:\/\/orthopaedie-kulmbach.de\/?page_id=322\"><strong><span style=\"color: #008080;\">Sto\u00dfwellentherapie<\/span><\/strong><\/a> <span style=\"color: #008080;\">(SWT)<\/span> effektive und schonende Behandlung insbesondere von Sehnenerkrankungen (z.B. Fersensporn, Tennisellenbogen, Golferellenbogen, Achillessehenbeschwerden) oder Verkalkungen (z.B. &#8222;Kalkschulter&#8220;). In der Regel gen\u00fcgen f\u00fcnf bis acht Sitzungen.<\/li>\n<\/ul>\n<ul>\n<li style=\"text-align: justify;\"><a href=\"http:\/\/orthopaedie-kulmbach.de\/?page_id=1227&amp;preview=true\"><strong><span style=\"color: #008080;\">Traktions- und Dekompressionstherapie<\/span><\/strong><\/a>, computergesteuert, ideal f\u00fcr akute und chronische Bandscheibensch\u00e4den (Vorfall, Vorw\u00f6lbung), &#8222;Hexenschu\u00df&#8220;, aktivierte H\u00fcftarthrosen<\/li>\n<\/ul>\n<ul>\n<li style=\"text-align: justify;\"><a name=\"Trigger\"><\/a><span style=\"color: #008080;\"><strong>Triggerpunktmassage<\/strong><\/span> ger\u00e4tegest\u00fctzt (Sto\u00dfwelle, SWT) z.B. f\u00fcr muskul\u00e4re Verspannungen, Sehnenansatzreizungen<\/li>\n<\/ul>\n<ul>\n<li style=\"text-align: justify;\"><a title=\"Vibrationsmassage\" href=\"http:\/\/orthopaedie-kulmbach.de\/?page_id=404\"><strong><span style=\"color: #008080;\">Vibrationsmassage<\/span><\/strong><\/a> ger\u00e4tegest\u00fctzt f\u00fcr die gesamte Wirbels\u00e4ule oder regional. Hierf\u00fcr wird ein Massagestuhl genutzt. In der Regel gen\u00fcgen sechs bis acht Sitzungen. Nebenwirkungen sind nicht bekannt.<\/li>\n<\/ul>\n<ul>\n<li style=\"text-align: justify;\"><a title=\"Elektrotherapie\" href=\"http:\/\/orthopaedie-kulmbach.de\/?page_id=386\"><strong><span style=\"color: #008080;\">Elektrotherapie<\/span><\/strong><\/a> und Tens- Versogung bei muskul\u00e4ren Verspannungen Nervenschmerzen oder -reizungen, &#8222;Ischias&#8220;, chronischen Schmerzsyndromen.<\/li>\n<\/ul>\n<ul>\n<li style=\"text-align: justify;\"><span style=\"color: #008080;\"><a title=\"Magnetfeldtherapie\" href=\"http:\/\/orthopaedie-kulmbach.de\/?page_id=393\"><span style=\"color: #008080;\"><strong><span style=\"color: #33cccc;\"><span style=\"color: #008080;\">Energetische Zellanregung<\/span><\/span><\/strong><\/span><\/a><\/span> mit exakter Einstellung von St\u00e4rke und Frequenz zur gezielten Behandlung.<\/li>\n<\/ul>\n<ul>\n<li style=\"text-align: justify;\"><a name=\"Verband\"><\/a>Salben<strong><span style=\"color: #008080;\">verb\u00e4nde<\/span><\/strong>, Tape-Verb\u00e4nde (z.B. zur verk\u00fcrzten Behandlung bei Finger- und Zehenbr\u00fcchen, Sehen- und Muskelverletzungen), Gips-Verb\u00e4nde bis hin zum klassischen und sehr effektiven Zinkleimverband bei Gelenkschwellungen.<\/li>\n<\/ul>\n","protected":false},"excerpt":{"rendered":"<p>Sto\u00dfwellentherapie (SWT) effektive und schonende Behandlung insbesondere von Sehnenerkrankungen (z.B. Fersensporn, Tennisellenbogen, Golferellenbogen, Achillessehenbeschwerden) oder Verkalkungen (z.B. &#8222;Kalkschulter&#8220;). In der Regel gen\u00fcgen f\u00fcnf bis acht Sitzungen. Traktions- und Dekompressionstherapie, computergesteuert, ideal f\u00fcr akute und chronische Bandscheibensch\u00e4den (Vorfall, Vorw\u00f6lbung), &#8222;Hexenschu\u00df&#8220;, aktivierte &hellip; <a href=\"http:\/\/orthopaedie-kulmbach.de\/?page_id=398\">Weiterlesen <span class=\"meta-nav\">&rarr;<\/span><\/a><\/p>\n","protected":false},"author":1,"featured_media":0,"parent":27,"menu_order":0,"comment_status":"closed","ping_status":"open","template":"","meta":[],"_links":{"self":[{"href":"http:\/\/orthopaedie-kulmbach.de\/index.php?rest_route=\/wp\/v2\/pages\/398"}],"collection":[{"href":"http:\/\/orthopaedie-kulmbach.de\/index.php?rest_route=\/wp\/v2\/pages"}],"about":[{"href":"http:\/\/orthopaedie-kulmbach.de\/index.php?rest_route=\/wp\/v2\/types\/page"}],"author":[{"embeddable":true,"href":"http:\/\/orthopaedie-kulmbach.de\/index.php?rest_route=\/wp\/v2\/users\/1"}],"replies":[{"embeddable":true,"href":"http:\/\/orthopaedie-kulmbach.de\/index.php?rest_route=%2Fwp%2Fv2%2Fcomments&post=398"}],"version-history":[{"count":25,"href":"http:\/\/orthopaedie-kulmbach.de\/index.php?rest_route=\/wp\/v2\/pages\/398\/revisions"}],"predecessor-version":[{"id":1437,"href":"http:\/\/orthopaedie-kulmbach.de\/index.php?rest_route=\/wp\/v2\/pages\/398\/revisions\/1437"}],"up":[{"embeddable":true,"href":"http:\/\/orthopaedie-kulmbach.de\/index.php?rest_route=\/wp\/v2\/pages\/27"}],"wp:attachment":[{"href":"http:\/\/orthopaedie-kulmbach.de\/index.php?rest_route=%2Fwp%2Fv2%2Fmedia&parent=398"}],"curies":[{"name":"wp","href":"https:\/\/api.w.org\/{rel}","templated":true}]}}