{"id":386,"date":"2013-06-02T13:38:20","date_gmt":"2013-06-02T11:38:20","guid":{"rendered":"http:\/\/orthopaedie-kulmbach.de\/?page_id=386"},"modified":"2014-03-16T22:59:13","modified_gmt":"2014-03-16T21:59:13","slug":"elektrotherapie","status":"publish","type":"page","link":"http:\/\/orthopaedie-kulmbach.de\/?page_id=386","title":{"rendered":"Elektrotherapie"},"content":{"rendered":"<p style=\"text-align: justify;\">In unserer Praxis kommen verschiedene Formen der Elektrotherapie zum Einsatz. Je nach Beschwerdebild und Befund k\u00f6nnen Schwellstrom, Reizstrom, Muskelstimulation und verschiedene Impulsstrombehandlungen durchgef\u00fchrt werden. Die Elektrotherapie wird z.B. bei folgenden Erkrankungen eingesetzt:<\/p>\n<ul style=\"list-style-type: disc;\">\n<li style=\"text-align: justify;\">Nervenreizungen, akut oder chronisch wie z.B. bei meralgia paraesthetica, Ischiasbeschwerden, Nacken- Schulter- Armsyndrom,<\/li>\n<li style=\"text-align: justify;\">Muskelschw\u00e4che bei Nervensch\u00e4digungen z.B. nach bei Bandscheibenvorfall,<\/li>\n<li style=\"text-align: justify;\">akuten Schmerzen an Hals- Brust- oder Lewendenwirbels\u00e4ule und im Beckenbereich\u00a0 akuten muskul\u00e4ren Verspannungen<\/li>\n<li>Schwellungen nach Verletzungen oder Operationen<\/li>\n<li>Muskul\u00e4re Defizite nach Verletzungen oder Operationen<\/li>\n<\/ul>\n<p style=\"text-align: justify;\">Bei verschiedenen chronischen Erkrankungen kann auch die Verordnung eines <span style=\"color: #008080;\">Therapieger\u00e4tes zur Eigenbehandlung<\/span> erfolgen. Diese Ger\u00e4te sind in der Regel klein, tragbar und einfach anzuwenden. Sowohl die Behandlungen in unserer Praxis, als auch die Verordnung von Therapieger\u00e4ten (z.B. &#8222;Tens&#8220;) kann in der Regel auch zu Lasten der gesetzlichen Kassen erfolgen. (Von den gestztlichen Kassen werden aus Kostengr\u00fcnden oft nicht die Ger\u00e4te ausgegeben, die auf dem Rezept stehen. Gestztliche Kassen schreiben regional und j\u00e4hrlich die Vergaberechte bei allen anbietenden Firmen aus. Der\u00a0 g\u00fcnstigste &#8211; aber nicht immer der beste &#8211; Anbieter gewinnt).<\/p>\n<p>&nbsp;<\/p>\n","protected":false},"excerpt":{"rendered":"<p>In unserer Praxis kommen verschiedene Formen der Elektrotherapie zum Einsatz. Je nach Beschwerdebild und Befund k\u00f6nnen Schwellstrom, Reizstrom, Muskelstimulation und verschiedene Impulsstrombehandlungen durchgef\u00fchrt werden. Die Elektrotherapie wird z.B. bei folgenden Erkrankungen eingesetzt: Nervenreizungen, akut oder chronisch wie z.B. bei meralgia &hellip; <a href=\"http:\/\/orthopaedie-kulmbach.de\/?page_id=386\">Weiterlesen <span class=\"meta-nav\">&rarr;<\/span><\/a><\/p>\n","protected":false},"author":1,"featured_media":0,"parent":27,"menu_order":0,"comment_status":"closed","ping_status":"open","template":"","meta":[],"_links":{"self":[{"href":"http:\/\/orthopaedie-kulmbach.de\/index.php?rest_route=\/wp\/v2\/pages\/386"}],"collection":[{"href":"http:\/\/orthopaedie-kulmbach.de\/index.php?rest_route=\/wp\/v2\/pages"}],"about":[{"href":"http:\/\/orthopaedie-kulmbach.de\/index.php?rest_route=\/wp\/v2\/types\/page"}],"author":[{"embeddable":true,"href":"http:\/\/orthopaedie-kulmbach.de\/index.php?rest_route=\/wp\/v2\/users\/1"}],"replies":[{"embeddable":true,"href":"http:\/\/orthopaedie-kulmbach.de\/index.php?rest_route=%2Fwp%2Fv2%2Fcomments&post=386"}],"version-history":[{"count":8,"href":"http:\/\/orthopaedie-kulmbach.de\/index.php?rest_route=\/wp\/v2\/pages\/386\/revisions"}],"predecessor-version":[{"id":1046,"href":"http:\/\/orthopaedie-kulmbach.de\/index.php?rest_route=\/wp\/v2\/pages\/386\/revisions\/1046"}],"up":[{"embeddable":true,"href":"http:\/\/orthopaedie-kulmbach.de\/index.php?rest_route=\/wp\/v2\/pages\/27"}],"wp:attachment":[{"href":"http:\/\/orthopaedie-kulmbach.de\/index.php?rest_route=%2Fwp%2Fv2%2Fmedia&parent=386"}],"curies":[{"name":"wp","href":"https:\/\/api.w.org\/{rel}","templated":true}]}}