{"id":381,"date":"2013-06-02T13:35:03","date_gmt":"2013-06-02T11:35:03","guid":{"rendered":"http:\/\/orthopaedie-kulmbach.de\/?page_id=381"},"modified":"2021-01-17T16:03:24","modified_gmt":"2021-01-17T15:03:24","slug":"infusionen","status":"publish","type":"page","link":"http:\/\/orthopaedie-kulmbach.de\/?page_id=381","title":{"rendered":"Infusionen"},"content":{"rendered":"<ul style=\"list-style-type: disc;\">\n<li style=\"text-align: justify;\"><strong>Schmerztherapie<br \/>\n<\/strong>Schmerzinfusionen sind in Regel sehr effektiv, anhaltend und werden gut vertragen. Es sind meistens 3 &#8211; 5 Sitzungen sinnvoll \u00fcber einen Zeitraum von zwei bis drei Wochen. Zusammensetzung und Dosis der verwendeten Medikamente werden je nach Gesamtsituation und Vormedikation mit Ihnen abgesprochen. Die Kosten tragen in den meisten F\u00e4llen auch die gesetzlichen Kassen.<\/li>\n<\/ul>\n<ul style=\"list-style-type: disc;\">\n<li style=\"text-align: justify;\"><strong>Kr\u00e4ftigung und allgemeiner Aufbau<\/strong> <span style=\"color: #008080;\"><span style=\"color: #008080;\">(Vitaminkur)<br \/>\n<\/span><\/span>Hier kommen hochdosierte Vitamine vor allem der B- Gruppe zur Anwendung. Viele Vitamine k\u00f6nnen bei erh\u00f6htem Bedarf in den erforderlichen Mengen nicht \u00fcber den Darm augenommen werden. In der Regel sind f\u00fcnf Sitzungen \u00fcber einen Zeitraum von drei bis f\u00fcnf Wochen erforderlich. Nebenwirkungen sind nicht bekannt. Gestzliche Kassen tragen die Kosten meistens nicht oder in unterschiedlicher H\u00f6he.<\/li>\n<\/ul>\n<ul style=\"list-style-type: disc;\">\n<li><strong>Osteoporose<\/strong><br \/>\nAuch hier gibt es zur Behandlung Kurzinfusionen mit hoher Wirksamheit<\/li>\n<\/ul>\n","protected":false},"excerpt":{"rendered":"<p>Schmerztherapie Schmerzinfusionen sind in Regel sehr effektiv, anhaltend und werden gut vertragen. Es sind meistens 3 &#8211; 5 Sitzungen sinnvoll \u00fcber einen Zeitraum von zwei bis drei Wochen. Zusammensetzung und Dosis der verwendeten Medikamente werden je nach Gesamtsituation und Vormedikation &hellip; <a href=\"http:\/\/orthopaedie-kulmbach.de\/?page_id=381\">Weiterlesen <span class=\"meta-nav\">&rarr;<\/span><\/a><\/p>\n","protected":false},"author":1,"featured_media":0,"parent":27,"menu_order":0,"comment_status":"closed","ping_status":"open","template":"","meta":[],"_links":{"self":[{"href":"http:\/\/orthopaedie-kulmbach.de\/index.php?rest_route=\/wp\/v2\/pages\/381"}],"collection":[{"href":"http:\/\/orthopaedie-kulmbach.de\/index.php?rest_route=\/wp\/v2\/pages"}],"about":[{"href":"http:\/\/orthopaedie-kulmbach.de\/index.php?rest_route=\/wp\/v2\/types\/page"}],"author":[{"embeddable":true,"href":"http:\/\/orthopaedie-kulmbach.de\/index.php?rest_route=\/wp\/v2\/users\/1"}],"replies":[{"embeddable":true,"href":"http:\/\/orthopaedie-kulmbach.de\/index.php?rest_route=%2Fwp%2Fv2%2Fcomments&post=381"}],"version-history":[{"count":11,"href":"http:\/\/orthopaedie-kulmbach.de\/index.php?rest_route=\/wp\/v2\/pages\/381\/revisions"}],"predecessor-version":[{"id":1436,"href":"http:\/\/orthopaedie-kulmbach.de\/index.php?rest_route=\/wp\/v2\/pages\/381\/revisions\/1436"}],"up":[{"embeddable":true,"href":"http:\/\/orthopaedie-kulmbach.de\/index.php?rest_route=\/wp\/v2\/pages\/27"}],"wp:attachment":[{"href":"http:\/\/orthopaedie-kulmbach.de\/index.php?rest_route=%2Fwp%2Fv2%2Fmedia&parent=381"}],"curies":[{"name":"wp","href":"https:\/\/api.w.org\/{rel}","templated":true}]}}