{"id":360,"date":"2013-05-31T20:21:57","date_gmt":"2013-05-31T18:21:57","guid":{"rendered":"http:\/\/orthopaedie-kulmbach.de\/?page_id=360"},"modified":"2018-02-04T12:02:38","modified_gmt":"2018-02-04T11:02:38","slug":"gesundheitspolitik-und-wissenschaft","status":"publish","type":"page","link":"http:\/\/orthopaedie-kulmbach.de\/?page_id=360","title":{"rendered":"Gesundheitspolitik und Wissenschaft"},"content":{"rendered":"<p><strong>STATISTIK<\/strong><\/p>\n<p><span style=\"color: #008080;\"><strong>Von jedem EURO Beitrag, der in das gesetzliche Gesundheitssystem flie\u00dft, werden 23 Cent f\u00fcr die Verwaltung ausgegeben.<\/strong> <\/span><\/p>\n<p style=\"text-align: justify;\">Im Rahmen einer unabh\u00e4ngigen, eigenfinanzerten Studie hat das Wirtschaftsberatungsunternehmen A.T. Kearney viel zu hohe Verwaltungskosten im Gesundheitssystem festgestellt. 2010 h\u00e4tten die Verwaltungskosten tats\u00e4chlich 40,4 Milliarden Euro betragen, was einem Anteil von 23 % der Gesamtkosten entspricht. Damit liegen die Verwaltungskosten um den Faktor 3,8 h\u00f6her als der durchschnittliche Wert in deutschen Industrieunternehmen, der 6,1 % betr\u00e4gt.<br \/>\nAlleine die GKV verursachen Verwaltungskosten von 27,5 Milliarden Euro bei 176 Milliarden Gesamtausgaben, was der offiziellen Version der Kassen entgegensteht. Diese gehen von 9,5 Milliarden aus. Nach Angaben von A.T. Kearney betrage das Einsparpotential 252,90 Euro pro Beitragszahler pro Jahr, oder 1,3 Prozentpunkte des Beitragssatzes <span style=\"font-size: 12px;\">(Orthop. Nachrichten 01.2012 www.biermann-medizin.de)<\/span>.<\/p>\n<p>Aber es kommt noch dicker:<\/p>\n<p><strong><span style=\"color: #008080;\">\u00dcbersch\u00fcsse bei den gestzlichen Krankenkassen<\/span><\/strong><\/p>\n<p style=\"text-align: justify;\">Der \u00dcberschuss der Krankenkassen ist so hoch wie nie. Etwa 18,6 Milliarden Euro haben die Krankenkassen (AOK, DAK, TK, etc.) als &#8222;R\u00fccklage&#8220; gesammelt. Zus\u00e4tzlich liegen 8,7 Milliarden im Gesundheitsfond als &#8222;Reserve&#8220; (D\u00c4bl|114|25.12.2017).<br \/>\nDas sind doch sehr erfreuliche Nachrichten, hilft den Patienten aber gar nichts. Gelobt seien die flei\u00dfigen Beitragszahler.<\/p>\n<p><strong><span style=\"color: #008080;\">\u00c4rztemonitor:<br \/>\n<\/span><\/strong><strong><span style=\"color: #008080;\">Orthop\u00e4den h\u00e4tten gerne mehr Zeit f\u00fcr jeden einzelnen ihrer Patienten<\/span> <\/strong><\/p>\n<p style=\"text-align: justify;\">Im Oktober 2016 wurden die j\u00fcngsten Ergebnisse der deutschlandweit gr\u00f6\u00dften Befragung von \u00c4rzten und Psychotherapeuten in Berlin vorgestellt. Bei einer durchschnittlichen Wochenarbeitszeit von 55,7 Stunden und 61,1 behandelten Patienten am Tag f\u00fchlen sich 39 Prozent der befragten Orthop\u00e4den durch ihre Arbeit ausgebrannt.<br \/>\nEtwa ein Drittel ihrer Arbeitszeit ben\u00f6tigen die \u00c4rzte f\u00fcr Dokumentationen, Arztbriefe, Fallkonferenzen, Praxismanagement und Fortbildungen (Dt\u00c4bl|114|24.7.2017).<\/p>\n<p style=\"text-align: justify;\"><strong><span style=\"color: #008080;\">Geburten<\/span><\/strong><\/p>\n<p style=\"text-align: justify;\">31,9 Prozent der Geburten in deutschen Krankenh\u00e4usern erfolgten 2010 per Kaiserschnitt. 1991 waren es 15,3 Prozent. Ursachen ? <span style=\"font-size: 12px;\">[Dt. \u00c4rzteblatt|Jg.106|Heft 49|4.12.2012]<\/span><\/p>\n<p>&nbsp;<\/p>\n<p style=\"text-align: justify;\"><span style=\"color: #000000; font-size: 14px;\"><strong>WISSENSCHAFT<\/strong><\/span><\/p>\n<p style=\"text-align: justify;\">Salben bei orthop\u00e4dischen Erkrankungen: Und sie helfen doch !<\/p>\n<p style=\"text-align: justify;\">Bislang war die Wirkungsweise von Salben nicht unumstritten. \u00c4rzte und viele Patienten berichten immer wieder von guten Behandlungserfolgen und doch wurde die Kosten\u00fcbernahme von den gesetzlichen Kassen gestrichen. Der neueste Cochrane-Review [DOI:10.1002\/14651858.CD007402.pub2] kommt zu dem Ergebnis, dass die therapeutische Wirksamkeit von auf die Ha\u00fat aufgetragenem Diclofenac, Ibuprofen, Ketoprofen und Piroxicam bei akuten muskuloskeletalen Schmerzen als gesichert anzusehen ist! Als klarer Vorteil gegen\u00fcber der Therapie in Tablettenform stellte sich die bessere Vertr\u00e4glichkeit heraus (Joachim Kreksen, Dr. Silvia Drexler www.hermes-arzneimittel.com)<\/p>\n","protected":false},"excerpt":{"rendered":"<p>STATISTIK Von jedem EURO Beitrag, der in das gesetzliche Gesundheitssystem flie\u00dft, werden 23 Cent f\u00fcr die Verwaltung ausgegeben. Im Rahmen einer unabh\u00e4ngigen, eigenfinanzerten Studie hat das Wirtschaftsberatungsunternehmen A.T. Kearney viel zu hohe Verwaltungskosten im Gesundheitssystem festgestellt. 2010 h\u00e4tten die Verwaltungskosten &hellip; <a href=\"http:\/\/orthopaedie-kulmbach.de\/?page_id=360\">Weiterlesen <span class=\"meta-nav\">&rarr;<\/span><\/a><\/p>\n","protected":false},"author":1,"featured_media":0,"parent":54,"menu_order":0,"comment_status":"closed","ping_status":"open","template":"","meta":[],"_links":{"self":[{"href":"http:\/\/orthopaedie-kulmbach.de\/index.php?rest_route=\/wp\/v2\/pages\/360"}],"collection":[{"href":"http:\/\/orthopaedie-kulmbach.de\/index.php?rest_route=\/wp\/v2\/pages"}],"about":[{"href":"http:\/\/orthopaedie-kulmbach.de\/index.php?rest_route=\/wp\/v2\/types\/page"}],"author":[{"embeddable":true,"href":"http:\/\/orthopaedie-kulmbach.de\/index.php?rest_route=\/wp\/v2\/users\/1"}],"replies":[{"embeddable":true,"href":"http:\/\/orthopaedie-kulmbach.de\/index.php?rest_route=%2Fwp%2Fv2%2Fcomments&post=360"}],"version-history":[{"count":17,"href":"http:\/\/orthopaedie-kulmbach.de\/index.php?rest_route=\/wp\/v2\/pages\/360\/revisions"}],"predecessor-version":[{"id":1255,"href":"http:\/\/orthopaedie-kulmbach.de\/index.php?rest_route=\/wp\/v2\/pages\/360\/revisions\/1255"}],"up":[{"embeddable":true,"href":"http:\/\/orthopaedie-kulmbach.de\/index.php?rest_route=\/wp\/v2\/pages\/54"}],"wp:attachment":[{"href":"http:\/\/orthopaedie-kulmbach.de\/index.php?rest_route=%2Fwp%2Fv2%2Fmedia&parent=360"}],"curies":[{"name":"wp","href":"https:\/\/api.w.org\/{rel}","templated":true}]}}