{"id":34,"date":"2013-01-28T21:43:18","date_gmt":"2013-01-28T20:43:18","guid":{"rendered":"http:\/\/orthopaedie-kulmbach.de\/?page_id=34"},"modified":"2021-01-18T22:04:29","modified_gmt":"2021-01-18T21:04:29","slug":"dr-med-ralph-jorg-aman","status":"publish","type":"page","link":"http:\/\/orthopaedie-kulmbach.de\/?page_id=34","title":{"rendered":"Dr. med. Ralph-J\u00f6rg Aman"},"content":{"rendered":"<table style=\"width: 5px; height: 5px;\" border=\"1\" cellspacing=\"0\" cellpadding=\"0\">\n<tbody>\n<tr>\n<td><\/td>\n<td><\/td>\n<\/tr>\n<\/tbody>\n<\/table>\n<p><strong>Facharzt f\u00fcr Orthop\u00e4die<a href=\"http:\/\/orthopaedie-kulmbach.de\/wp-content\/uploads\/2021\/01\/ralph-1.jpg\"><img decoding=\"async\" loading=\"lazy\" class=\" wp-image-1483 alignright\" src=\"http:\/\/orthopaedie-kulmbach.de\/wp-content\/uploads\/2021\/01\/ralph-1-300x244.jpg\" alt=\"\" width=\"232\" height=\"188\" srcset=\"http:\/\/orthopaedie-kulmbach.de\/wp-content\/uploads\/2021\/01\/ralph-1-300x244.jpg 300w, http:\/\/orthopaedie-kulmbach.de\/wp-content\/uploads\/2021\/01\/ralph-1-768x626.jpg 768w, http:\/\/orthopaedie-kulmbach.de\/wp-content\/uploads\/2021\/01\/ralph-1-1024x835.jpg 1024w, http:\/\/orthopaedie-kulmbach.de\/wp-content\/uploads\/2021\/01\/ralph-1-368x300.jpg 368w\" sizes=\"(max-width: 232px) 100vw, 232px\" \/><\/a><br \/>\n<\/strong>Sportmedizin, Chirotherapie, Akupunktur,<br \/>\nOsteologie, Gutachten,<br \/>\nArzt im Fitness-Studio und in der Pr\u00e4vention<br \/>\ngeboren 1962 in Kulmbach<strong><br \/>\n<\/strong><\/p>\n<p>Schwerpunkte meiner bisherigen \u00e4rztlichen T\u00e4tigkeiten:<\/p>\n<ul>\n<li style=\"list-style-type: none;\">\n<ul>\n<li>\u00a0Medizinstudium in <span style=\"color: #000000;\">Erlangen<\/span><\/li>\n<\/ul>\n<\/li>\n<\/ul>\n<ul>\n<li style=\"list-style-type: none;\">\n<ul>\n<li style=\"text-align: justify;\">\u00a0<span style=\"color: #000000;\">Auslandspraktika in der Schweiz und den USA (Unfallchirurgie, Orthop\u00e4die)<br \/>\n<\/span><\/li>\n<\/ul>\n<\/li>\n<\/ul>\n<ul>\n<li style=\"list-style-type: none;\">\n<ul>\n<li style=\"text-align: justify;\"><span style=\"color: #000000;\">\u00a0vierj\u00e4hrige unfallchirurgische T\u00e4tigkeit am Klinikum Kempten<b> <\/b>\/ Allg\u00e4u mit\u00a0 umfangreicher Operationserfahrung \u2013 (h\u00f6chste Versorgungsstufe)<\/span><\/li>\n<\/ul>\n<\/li>\n<\/ul>\n<ul>\n<li style=\"list-style-type: none;\">\n<ul>\n<li style=\"text-align: justify;\"><span style=\"color: #000000;\">\u00a0\u00fcber f\u00fcnfj\u00e4hrige T\u00e4tigkeit an der Orthop\u00e4dischen Universit\u00e4tsklinik Jena \/ Eisenberg,<b> <\/b>einem der gr\u00f6\u00dften orthop\u00e4dischen Zentren Deutschlands mit umfangreichen Erfahrungen in allen \u00fcblichen orthop\u00e4dischen Operationen<\/span><\/li>\n<\/ul>\n<\/li>\n<\/ul>\n<ul>\n<li style=\"list-style-type: none;\">\n<ul>\n<li style=\"text-align: justify;\"><span style=\"color: #000000;\">\u00a0Promotion (sog. &#8222;Doktorarbeit&#8220;) in der Osteoporoseforschung<\/span><\/li>\n<\/ul>\n<\/li>\n<\/ul>\n<ul>\n<li style=\"list-style-type: none;\">\n<ul>\n<li style=\"text-align: justify;\"><span style=\"color: #000000;\">internationale Publikationen und Vortr\u00e4ge in den Bereichen Osteoporose, Sportmedizin, Knorpeltransplantation, Arthroskopie<\/span><\/li>\n<\/ul>\n<\/li>\n<\/ul>\n<ul>\n<li style=\"list-style-type: none;\">\n<ul>\n<li style=\"text-align: justify;\"><span style=\"color: #000000;\">umfassende Erfahrungen in der arthroskopischen Gelenkchirurgie<\/span><\/li>\n<\/ul>\n<\/li>\n<\/ul>\n<ul>\n<li style=\"list-style-type: none;\">\n<ul>\n<li style=\"text-align: justify;\"><span style=\"color: #000000;\">Gr\u00fcndungsmitglied des \u201eTh\u00fcringer Vereins zur F\u00f6rderung der arthroskopischen- und Gelenkchirurgie\u201c<\/span><\/li>\n<\/ul>\n<\/li>\n<\/ul>\n<ul>\n<li style=\"list-style-type: none;\">\n<ul>\n<li style=\"text-align: justify;\"><span style=\"color: #000000;\">betreuender Verbandsarzt der europ\u00e4ischen Vereine des \u201eTraditionellen\u00a0 Kwon, Jae-Hwa Taekwon-Do\u201c (asiatische Kampfkunst)<\/span><\/li>\n<\/ul>\n<\/li>\n<\/ul>\n<ul>\n<li style=\"list-style-type: none;\">\n<ul>\n<li style=\"text-align: justify;\"><span style=\"color: #000000;\">Gutachter f\u00fcr Sozialgerichte, Rentenversicherungstr\u00e4ger, gesetzliche und private Unfallversicherungen<\/span><\/li>\n<\/ul>\n<\/li>\n<\/ul>\n<ul>\n<li style=\"list-style-type: none;\">\n<ul>\n<li style=\"text-align: justify;\"><span style=\"color: #000000;\">Mitbegr\u00fcnder des \u201eZentrums f\u00fcr Knochengesundheit, Kulmbach\u201c<\/span><\/li>\n<\/ul>\n<\/li>\n<\/ul>\n<ul>\n<li style=\"text-align: justify;\">anerkannte Zusatzbezeichnungen, Weiterbildungen, Diplome :\n<ul>\n<li><strong>Sportmedizin <\/strong><\/li>\n<li><strong>Chirotherapie <\/strong><\/li>\n<li><strong>Akupunktur<\/strong><\/li>\n<li><strong> Osteologie <\/strong><\/li>\n<li><strong>Arzt im Fitness-Studio und in der Pr\u00e4vention<\/strong><\/li>\n<\/ul>\n<\/li>\n<\/ul>\n","protected":false},"excerpt":{"rendered":"<p>Facharzt f\u00fcr Orthop\u00e4die Sportmedizin, Chirotherapie, Akupunktur, Osteologie, Gutachten, Arzt im Fitness-Studio und in der Pr\u00e4vention geboren 1962 in Kulmbach Schwerpunkte meiner bisherigen \u00e4rztlichen T\u00e4tigkeiten: \u00a0Medizinstudium in Erlangen \u00a0Auslandspraktika in der Schweiz und den USA (Unfallchirurgie, Orthop\u00e4die) \u00a0vierj\u00e4hrige unfallchirurgische T\u00e4tigkeit am &hellip; <a href=\"http:\/\/orthopaedie-kulmbach.de\/?page_id=34\">Weiterlesen <span class=\"meta-nav\">&rarr;<\/span><\/a><\/p>\n","protected":false},"author":1,"featured_media":0,"parent":30,"menu_order":0,"comment_status":"closed","ping_status":"open","template":"","meta":[],"_links":{"self":[{"href":"http:\/\/orthopaedie-kulmbach.de\/index.php?rest_route=\/wp\/v2\/pages\/34"}],"collection":[{"href":"http:\/\/orthopaedie-kulmbach.de\/index.php?rest_route=\/wp\/v2\/pages"}],"about":[{"href":"http:\/\/orthopaedie-kulmbach.de\/index.php?rest_route=\/wp\/v2\/types\/page"}],"author":[{"embeddable":true,"href":"http:\/\/orthopaedie-kulmbach.de\/index.php?rest_route=\/wp\/v2\/users\/1"}],"replies":[{"embeddable":true,"href":"http:\/\/orthopaedie-kulmbach.de\/index.php?rest_route=%2Fwp%2Fv2%2Fcomments&post=34"}],"version-history":[{"count":91,"href":"http:\/\/orthopaedie-kulmbach.de\/index.php?rest_route=\/wp\/v2\/pages\/34\/revisions"}],"predecessor-version":[{"id":1486,"href":"http:\/\/orthopaedie-kulmbach.de\/index.php?rest_route=\/wp\/v2\/pages\/34\/revisions\/1486"}],"up":[{"embeddable":true,"href":"http:\/\/orthopaedie-kulmbach.de\/index.php?rest_route=\/wp\/v2\/pages\/30"}],"wp:attachment":[{"href":"http:\/\/orthopaedie-kulmbach.de\/index.php?rest_route=%2Fwp%2Fv2%2Fmedia&parent=34"}],"curies":[{"name":"wp","href":"https:\/\/api.w.org\/{rel}","templated":true}]}}