{"id":336,"date":"2013-02-24T20:18:16","date_gmt":"2013-02-24T19:18:16","guid":{"rendered":"http:\/\/orthopaedie-kulmbach.de\/?page_id=336"},"modified":"2021-01-17T14:55:37","modified_gmt":"2021-01-17T13:55:37","slug":"quellgas-therapie-co2","status":"publish","type":"page","link":"http:\/\/orthopaedie-kulmbach.de\/?page_id=336","title":{"rendered":"Quellgas-Therapie, (CO<sub>2<\/sub>)"},"content":{"rendered":"<p style=\"text-align: justify;\">Bei der Quellgastherapie handelt es sich um eine effektive Schmerzbehandlung ohne Nebenwirkungen.<b> <\/b>Kohlendioxyd (CO<sub>2<\/sub>) ist ein absolut ungiftiges, geschmack- und geruchloses Gas. Es ist in der normalen Atemluft enthalten oder auch in gel\u00f6ster Form als sogenannte Kohlens\u00e4ure im Mineralwasser. Weiterhin entsteht CO<sub>2<\/sub> bei der Verdauung von Kohlenwasserstoffen aus der Nahrung. Bei CO<sub>2<\/sub> handelt es sich somit auch um ein k\u00f6rpereigenes nat\u00fcrliches Stoffwechselprodukt.Nachdem entdeckt wurde, da\u00df durch B\u00e4der in kohles\u00e4urehaltigem (Quell-) Wasser sehr gute Behandlungserfolge erzielt werden k\u00f6nnen, wird seit \u00fcber 50 Jahren in vielen Kurkliniken Kohlendioxyd (CO<sub>2<\/sub>) zur Behandlung eingesetzt. Zun\u00e4chst standen nur nat\u00fcrliche CO<sub>2<\/sub> \u2013 Quellen zur Verf\u00fcgung, die sich \u00fcberwiegend in osteurop\u00e4ischen L\u00e4ndern befinden, so da\u00df sich die Methode auch zun\u00e4chst in den osteurop\u00e4ischen Regionen verbreitete. Mittlerweile ist auch technisch hergestelltes hochreines CO<sub>2<\/sub> Gas in Flaschen zur Anwendung erh\u00e4ltlich.<\/p>\n<p style=\"text-align: justify;\">Die Einspritzung von CO<sub>2<\/sub> unter die Haut wurde erstmals 1950 von dem tschechischen Arzt Badal in Marienbad fest in das Kurprogramm eingef\u00fchrt. Es entsteht eine \u00f6rtlich begrenzte erh\u00f6hte CO<sub>2<\/sub> \u2013 Konzentration. Dieses CO<sub>2<\/sub> wird sehr schnell an Zell- und Bluteiwei\u00df gebunden, mit dem Blutstrom zur Lunge transportiert und dort ausgeatmet. Negative Folgen oder Komplikationen treten nicht auf, da es sich bei CO<sub>2<\/sub> um ein k\u00f6rpereigenes Stoffwechselprodukt handelt und nur die \u00c4nderung der Konzentration dieses nat\u00fcrlichen \u201eHeilmittels\u201c zur Behandlung genutzt wird.<\/p>\n<p><strong>Wie wirkt CO<sub>2<\/sub> auf den Organismus?<\/strong><\/p>\n<p style=\"text-align: justify;\">Durch Einspritzung von CO<sub>2<\/sub> \u2013 Gas unter die Haut kommt es zu einer Steigerung der Durchblutung, sichtbar durch eine R\u00f6tung der Haut. Der <span style=\"color: #008080;\">Stoffwechsel wird gesteigert,<\/span> <span style=\"color: #008080;\">Schmerzreize werden abgemildert<\/span>. Sogenannte \u201eSchlackenprodukte\u201c werden schneller vom K\u00f6rper abgebaut und z. B. Verspannungen gel\u00f6st. Es kommt in der Regel nach zwei bis drei Sitzungen zu einer deutlichen <span style=\"color: #008080;\">Schmerzreduktion<\/span>.<\/p>\n<p style=\"text-align: justify;\">Die Quellgas-Therapie wird deutschlandweit mittlerweile in \u00fcber 200 Behandlungsstellen durchgef\u00fchrt. Sie kann bei folgenden orthop\u00e4dischen Krankheitsbildern erfolgreich eingesetzt werden:<\/p>\n<ul>\n<li><strong>Nacken- und Kopfschmerzen<\/strong><\/li>\n<li><strong>Tinnitus, Schwindel, Kopfschmerz<\/strong><\/li>\n<li><strong>Funktionelle R\u00fcckenschmerzen<\/strong><\/li>\n<li><strong>Verspannungen<\/strong><\/li>\n<li><strong>Bewegungsschmerzen im Schulter-Arm-Bereich<\/strong><\/li>\n<li><strong>Tennis- Ellenbogen\u201c (Epicondylitis)<\/strong><\/li>\n<li><strong>H\u00fcftschmerzen<\/strong><\/li>\n<li><strong>Kniegelenksarthrose<\/strong><\/li>\n<li><strong>Durchblutungsst\u00f6rungen<\/strong><\/li>\n<\/ul>\n<p style=\"text-align: justify;\"><strong>Anwendung<\/strong><br \/>\nDie \u00f6rtliche Quellgas \u2013 Therapie ist eine risikoarme und physiologisch unbedenkliche Methode. Mit einer d\u00fcnnen Kan\u00fcle wird an 2 bis 6 Stellen CO<sub>2<\/sub> direkt unter die Haut gespritzt. Der Injektionsvorgang ist vergleichbar mit dem der Akupunktur oder mit dem sogenannten \u201eQuaddeln\u201c. Der Patient versp\u00fcrt w\u00e4hrend der Einspritzung ein leichtes Brennen, das aber sofort wieder verschwindet. Durch die Steigerung der Durchblutung breitet sich anschlie\u00dfend ein wohltuendes W\u00e4rmegef\u00fchl im Behandlungsbereich aus.Erforderlich sind in der Regel sechs bis acht Sitzungen wobei auch t\u00e4glich behandelt werden kann.<br \/>\nEs sind <span style=\"color: #008080;\">keine Kontraindikationen<\/span> bekannt. Das Verfahren kann auch w\u00e4hrend Schwangerschaft und Stillzeit eingesetzt werden. Eine allergische Reaktion auf C02 ist prinzipiell nicht denkbar. Unmittelbar nach der Behandlung ist der Patient wieder normal belastbar und auch fahrtauglich.<br \/>\nBis auf ein leichtes, kurzes \u00f6rtliches Brennen sind keine sonstigen Nebenwirkungen bekannt. Rein theoretisch k\u00f6nnte es wie bei jeder Spritzenbehandlung zu einer lokalen Entz\u00fcndung (Eiterung) kommen, zu einem Blutergu\u00df, oder einer Nervensch\u00e4digung. Diese Komplikationen sind allerdings bislang noch nicht beobachtet worden. (E.Volkmer,1990: 120.000 Behandlungen ohne Komplikationen).<\/p>\n<p style=\"text-align: justify;\"><strong>Zusammenfassung<\/strong><br \/>\nBei der Quellgas-Therapie handelt es sich um ein bew\u00e4hrtes Verfahren zur Schmerztherapie, das keine Nebenwirkungen hat und mittlerweile durch viele Studien wissenschaftlich belegt ist. Die Erfolgsquote liegt bei 75 \u2013 80 % je nach Krankheitsbild. In der Regel sind sechs bis acht Sitzungen erforderlich. Nach Abstand von wenigen Wochen ist eine Wiederholung des Verfahrens problemlos m\u00f6glich. Vor allem f\u00fcr chronisch Kranke, die auf verschiedene Therapiearten kaum mehr reagieren, oder die ohnehin schon mit Medikamenten stark belastet sind ist die Quellgas-Therapie mit dem nat\u00fcrlichen Heilmittel CO<sub>2<\/sub> eine gute Alternative.<\/p>\n<p><b>T.Hausner et. al., Klinik f\u00fcr Physikalische Medizin und Rehabilitation der<\/b> <b>Medizinischen Hochschule Hannover: <\/b>\u201eDiese Methode stellt als begleitende Ma\u00dfnahme eine ernsthafte Alternative zu pharmakologischen Schmerztherapien dar, teilweise auch zur Neuraltherapie und zur Akupunktur. \u2026\u201c<\/p>\n","protected":false},"excerpt":{"rendered":"<p>Bei der Quellgastherapie handelt es sich um eine effektive Schmerzbehandlung ohne Nebenwirkungen. Kohlendioxyd (CO2) ist ein absolut ungiftiges, geschmack- und geruchloses Gas. Es ist in der normalen Atemluft enthalten oder auch in gel\u00f6ster Form als sogenannte Kohlens\u00e4ure im Mineralwasser. Weiterhin &hellip; <a href=\"http:\/\/orthopaedie-kulmbach.de\/?page_id=336\">Weiterlesen <span class=\"meta-nav\">&rarr;<\/span><\/a><\/p>\n","protected":false},"author":1,"featured_media":0,"parent":27,"menu_order":0,"comment_status":"closed","ping_status":"open","template":"","meta":[],"_links":{"self":[{"href":"http:\/\/orthopaedie-kulmbach.de\/index.php?rest_route=\/wp\/v2\/pages\/336"}],"collection":[{"href":"http:\/\/orthopaedie-kulmbach.de\/index.php?rest_route=\/wp\/v2\/pages"}],"about":[{"href":"http:\/\/orthopaedie-kulmbach.de\/index.php?rest_route=\/wp\/v2\/types\/page"}],"author":[{"embeddable":true,"href":"http:\/\/orthopaedie-kulmbach.de\/index.php?rest_route=\/wp\/v2\/users\/1"}],"replies":[{"embeddable":true,"href":"http:\/\/orthopaedie-kulmbach.de\/index.php?rest_route=%2Fwp%2Fv2%2Fcomments&post=336"}],"version-history":[{"count":7,"href":"http:\/\/orthopaedie-kulmbach.de\/index.php?rest_route=\/wp\/v2\/pages\/336\/revisions"}],"predecessor-version":[{"id":1401,"href":"http:\/\/orthopaedie-kulmbach.de\/index.php?rest_route=\/wp\/v2\/pages\/336\/revisions\/1401"}],"up":[{"embeddable":true,"href":"http:\/\/orthopaedie-kulmbach.de\/index.php?rest_route=\/wp\/v2\/pages\/27"}],"wp:attachment":[{"href":"http:\/\/orthopaedie-kulmbach.de\/index.php?rest_route=%2Fwp%2Fv2%2Fmedia&parent=336"}],"curies":[{"name":"wp","href":"https:\/\/api.w.org\/{rel}","templated":true}]}}