{"id":330,"date":"2013-02-24T20:09:32","date_gmt":"2013-02-24T19:09:32","guid":{"rendered":"http:\/\/orthopaedie-kulmbach.de\/?page_id=330"},"modified":"2014-03-16T23:33:47","modified_gmt":"2014-03-16T22:33:47","slug":"chirotherapie","status":"publish","type":"page","link":"http:\/\/orthopaedie-kulmbach.de\/?page_id=330","title":{"rendered":"Chirotherapie"},"content":{"rendered":"<p style=\"text-align: justify;\">Damit bezeichnet man in der Orthop\u00e4die die Wiederherstellung des physiologischen Gelenkspieles durch Mobilisationen und \/ oder Manipulationen mit den H\u00e4nden des Arztes. Im Volksmund wird Chirotherapie oft als \u201eEinrenken\u201d bezeichnet, da z.B. bei <span style=\"color: #008080;\">Manipulationen<\/span> oft ein Knacksen zu sp\u00fcren oder auch zu h\u00f6ren ist. Bei den sogenannten \u201cweichen\u201d Techniken <span style=\"color: #008080;\">(Mobilisationen)<\/span> werden die betroffenen Gelenke nicht ruckartig sondern rhythmisch mit sanftem Zug und Druck wieder beweglich gemacht.<br \/>\nBlockierungen oder segmentale Funktionsst\u00f6rungen kommen bevorzugt an der Wirbels\u00e4ule vor, sie k\u00f6nnen aber auch an verschiedenen anderen Gelenken des K\u00f6rpers auftreten. Dass Sie sich etwas \u201everrenkt\u201d haben, merken Sie oft daran, dass der Schmerz pl\u00f6tzlich, aus heiterem Himmel, aufgetreten ist, zum Beispiel beim Duschen oder beim B\u00fccken. Durch die Dehnung der Gelenkkapseln und der Weichteile entsteht der \u00f6rtliche Schmerz, der aber auch ausstrahlen kann. Auch nach dem \u201cEinrenken\u201d bleibt h\u00e4ufig noch f\u00fcr wenige Tage ein leichter lokaler Schmerz bestehen, da das Gewebe noch gereizt ist. Diese <span style=\"color: #008080;\">Restbeschwerden<\/span> klingen rasch ab.<\/p>\n<p style=\"text-align: justify;\"><span style=\"text-decoration: underline;\">Vorsicht:<\/span> Es gibt zahlreiche Ursachen f\u00fcr solche akut auftretende Schmerzen. Die Anwendung der Chirotherapie birgt auch Gefahren. Ob und wie eine manuelle Therapie bei Ihnen eingesetzt werden kann, sollte nur nach einer speziellen manualtherapeutischen Untersuchung vom ausgebildeten Facharzt besprochen werden. H\u00e4ufig ist eine vorherige <span style=\"color: #008080;\">R\u00f6ntgenuntersuchung<\/span> speziell an der Hals- oder Lendenwirbels\u00e4ule Vorschrift, um z.B. schwere Entz\u00fcndungen, osteoporotische Frakturen oder Tumoren auszuschlie\u00dfen. Derartige Befunde sind zwar selten. Ein Einrenken in solchen F\u00e4llen kann allerdings fatale Folgen haben. Die R\u00f6ntgnaufnahmen sollten ein gewisses Alter nicht \u00fcberschritten haben.<\/p>\n<p style=\"text-align: justify;\">Auch beseitigt die Chirotherapie nur das Symptom. Die Ursachen der meist wiederholt auftretenden Blockierungen m\u00fcssen erkannt und behoben werden um Folgesch\u00e4den zu vermeiden. H\u00e4ufig ist die <span style=\"color: #008080;\">Stabilisierung<\/span> muskul\u00e4rer Dysbalancen der entscheidende Faktor. Auch hierzu erarbeite ich gerne mit Ihnen ein Erfolgsrezept.<\/p>\n","protected":false},"excerpt":{"rendered":"<p>Damit bezeichnet man in der Orthop\u00e4die die Wiederherstellung des physiologischen Gelenkspieles durch Mobilisationen und \/ oder Manipulationen mit den H\u00e4nden des Arztes. Im Volksmund wird Chirotherapie oft als \u201eEinrenken\u201d bezeichnet, da z.B. bei Manipulationen oft ein Knacksen zu sp\u00fcren oder &hellip; <a href=\"http:\/\/orthopaedie-kulmbach.de\/?page_id=330\">Weiterlesen <span class=\"meta-nav\">&rarr;<\/span><\/a><\/p>\n","protected":false},"author":1,"featured_media":0,"parent":27,"menu_order":0,"comment_status":"closed","ping_status":"open","template":"","meta":[],"_links":{"self":[{"href":"http:\/\/orthopaedie-kulmbach.de\/index.php?rest_route=\/wp\/v2\/pages\/330"}],"collection":[{"href":"http:\/\/orthopaedie-kulmbach.de\/index.php?rest_route=\/wp\/v2\/pages"}],"about":[{"href":"http:\/\/orthopaedie-kulmbach.de\/index.php?rest_route=\/wp\/v2\/types\/page"}],"author":[{"embeddable":true,"href":"http:\/\/orthopaedie-kulmbach.de\/index.php?rest_route=\/wp\/v2\/users\/1"}],"replies":[{"embeddable":true,"href":"http:\/\/orthopaedie-kulmbach.de\/index.php?rest_route=%2Fwp%2Fv2%2Fcomments&post=330"}],"version-history":[{"count":7,"href":"http:\/\/orthopaedie-kulmbach.de\/index.php?rest_route=\/wp\/v2\/pages\/330\/revisions"}],"predecessor-version":[{"id":1056,"href":"http:\/\/orthopaedie-kulmbach.de\/index.php?rest_route=\/wp\/v2\/pages\/330\/revisions\/1056"}],"up":[{"embeddable":true,"href":"http:\/\/orthopaedie-kulmbach.de\/index.php?rest_route=\/wp\/v2\/pages\/27"}],"wp:attachment":[{"href":"http:\/\/orthopaedie-kulmbach.de\/index.php?rest_route=%2Fwp%2Fv2%2Fmedia&parent=330"}],"curies":[{"name":"wp","href":"https:\/\/api.w.org\/{rel}","templated":true}]}}