{"id":322,"date":"2013-02-24T20:03:13","date_gmt":"2013-02-24T19:03:13","guid":{"rendered":"http:\/\/orthopaedie-kulmbach.de\/?page_id=322"},"modified":"2021-01-17T14:56:38","modified_gmt":"2021-01-17T13:56:38","slug":"stoswellentherapie","status":"publish","type":"page","link":"http:\/\/orthopaedie-kulmbach.de\/?page_id=322","title":{"rendered":"Sto\u00dfwellentherapie"},"content":{"rendered":"<p style=\"text-align: justify;\">Die Sto\u00dfwellentherapie (SWT) ist eine innovative, \u00e4u\u00dferst wirksame Behandlungsmethode, wie zahlreiche wissenschaftliche Studien belegen. Mit Hilfe des umgekehrten piezoelektrischen Effekts werden in einem Therapieger\u00e4t Schalldruckwellen (Sto\u00dfwellen) erzeugt, die unterhalb der K\u00f6rperoberfl\u00e4che geb\u00fcndelt werden. Durch rhythmische Anwendung der Sto\u00dfwellen k\u00f6nnen feste Stoffe, wie zum Beispiel Verkalkungen sogar aufgel\u00f6st werden. Die Methode wurde deshalb zuerst auf dem Gebiet der Urologie zur Zerst\u00f6rung von Nierensteinen verwendet.\u00a0\u00a0\u00a0\u00a0<strong><a href=\"http:\/\/orthopaedie-kulmbach.de\/wp-content\/uploads\/2014\/08\/Praxis-8-2014-22-b.jpg\"><img decoding=\"async\" loading=\"lazy\" class=\"wp-image-1123 aligncenter\" src=\"http:\/\/orthopaedie-kulmbach.de\/wp-content\/uploads\/2014\/08\/Praxis-8-2014-22-b-300x225.jpg\" alt=\"\" width=\"288\" height=\"220\" \/><\/a><\/strong>Neben den unmittelbaren mechanischen Effekten aktivieren Sto\u00dfwellen im therapierten Gewebe die Selbstheilungskr\u00e4fte. Lokal werden Botenstoffe ausgesch\u00fcttet, der <span style=\"color: #008080;\"><strong>Stoffwechsel<\/strong><\/span> angeregt, die <span style=\"color: #008080;\"><strong>Durchblutung<\/strong> <\/span>gesteigert und <span style=\"color: #008080;\"><strong>Reparaturprozesse<\/strong> <\/span>eingeleitet. Die nat\u00fcrliche Heilung wird somit beschleunigt. Da Sto\u00dfwellen die Schmerzrezeptoren blockieren k\u00f6nnen sie auch direkt zur <span style=\"color: #008080;\"><strong>Schmerztherapie<\/strong><\/span> verwendet werden.<br \/>\nDas physikalische Prinzip der Erzeugung und B\u00fcndelung der Sto\u00dfwellen erm\u00f6glicht die exakte Dosierung und <span style=\"color: #008080;\">zielgenaue<\/span> Steuerung. Auf Grund der sehr gewebeschonenden Arbeitsweise sind bislang keine schwerwigenden Nebenwirkungen bekannt.<br \/>\nAls nicht-invasives Verfahren stellt die SWT eine wirksame Behandlungsalternative zu operativen Eingriffen dar. F\u00fcr folgende Erkrankungen sind gute bis sehr gute Behandlungsergebnisse bekannt:<\/p>\n<ul>\n<li>Schulterschmerzen (z.B. bei Verkalkungen)<\/li>\n<li>sogenannter \u201cTennis- oder Golferellenbogen\u201d<\/li>\n<li>Fersensporn, mit und ohne kn\u00f6chene Spangenbildung<\/li>\n<li>Schmerzsyndrom der Achillessehne*<\/li>\n<li>Patellaspitzensyndrom (\u201cSpringerknie\u201d)<\/li>\n<li>Sehnenreizungen an der H\u00fcfte<\/li>\n<li>Verspannungen der Nacken-, Schulter- oder R\u00fcckenmuskulatur<\/li>\n<li>Muskel-Triggerpunktbehandlung, Fibromyalgie<\/li>\n<\/ul>\n<p style=\"text-align: justify;\">Die Behandlung erfolgt ambulant im Sitzen oder im Liegen und dauert etwa 15 Minuten. Eine vorherige Bet\u00e4ubung der Region ist nicht erforderlich. Optimale Behandlungsergebnisse erreicht man je nach Krankheitsbild bei 3 bis 8 Sitzungen, in Abst\u00e4nden von einer Woche. Eine Beschwerdelinderung ist oft schon nach ein bis zwei Sitzungen sp\u00fcrbar. Arbeits- und Sportf\u00e4higkeit sind in der Regel nicht beeintr\u00e4chtigt.<\/p>\n<p style=\"text-align: justify;\"><span style=\"font-size: 10pt;\">Literatur:<\/span><\/p>\n<p style=\"text-align: justify;\"><span style=\"font-size: 10pt;\">* &#8222;Belegt ist auch die Wirksamkeit der extrakorporalen Sto\u00dfwellentherapie&#8220; [Vortrag DKOU|22-25.20.2013|Berlin aus \u00e4rzl.J orthop\u00e4d.\/rheum\/ 1|2014]<\/span><\/p>\n","protected":false},"excerpt":{"rendered":"<p>Die Sto\u00dfwellentherapie (SWT) ist eine innovative, \u00e4u\u00dferst wirksame Behandlungsmethode, wie zahlreiche wissenschaftliche Studien belegen. Mit Hilfe des umgekehrten piezoelektrischen Effekts werden in einem Therapieger\u00e4t Schalldruckwellen (Sto\u00dfwellen) erzeugt, die unterhalb der K\u00f6rperoberfl\u00e4che geb\u00fcndelt werden. Durch rhythmische Anwendung der Sto\u00dfwellen k\u00f6nnen feste &hellip; <a href=\"http:\/\/orthopaedie-kulmbach.de\/?page_id=322\">Weiterlesen <span class=\"meta-nav\">&rarr;<\/span><\/a><\/p>\n","protected":false},"author":1,"featured_media":0,"parent":27,"menu_order":0,"comment_status":"closed","ping_status":"open","template":"","meta":[],"_links":{"self":[{"href":"http:\/\/orthopaedie-kulmbach.de\/index.php?rest_route=\/wp\/v2\/pages\/322"}],"collection":[{"href":"http:\/\/orthopaedie-kulmbach.de\/index.php?rest_route=\/wp\/v2\/pages"}],"about":[{"href":"http:\/\/orthopaedie-kulmbach.de\/index.php?rest_route=\/wp\/v2\/types\/page"}],"author":[{"embeddable":true,"href":"http:\/\/orthopaedie-kulmbach.de\/index.php?rest_route=\/wp\/v2\/users\/1"}],"replies":[{"embeddable":true,"href":"http:\/\/orthopaedie-kulmbach.de\/index.php?rest_route=%2Fwp%2Fv2%2Fcomments&post=322"}],"version-history":[{"count":15,"href":"http:\/\/orthopaedie-kulmbach.de\/index.php?rest_route=\/wp\/v2\/pages\/322\/revisions"}],"predecessor-version":[{"id":1402,"href":"http:\/\/orthopaedie-kulmbach.de\/index.php?rest_route=\/wp\/v2\/pages\/322\/revisions\/1402"}],"up":[{"embeddable":true,"href":"http:\/\/orthopaedie-kulmbach.de\/index.php?rest_route=\/wp\/v2\/pages\/27"}],"wp:attachment":[{"href":"http:\/\/orthopaedie-kulmbach.de\/index.php?rest_route=%2Fwp%2Fv2%2Fmedia&parent=322"}],"curies":[{"name":"wp","href":"https:\/\/api.w.org\/{rel}","templated":true}]}}