{"id":317,"date":"2013-02-24T19:59:54","date_gmt":"2013-02-24T18:59:54","guid":{"rendered":"http:\/\/orthopaedie-kulmbach.de\/?page_id=317"},"modified":"2021-01-17T14:48:57","modified_gmt":"2021-01-17T13:48:57","slug":"hyaluronsaure","status":"publish","type":"page","link":"http:\/\/orthopaedie-kulmbach.de\/?page_id=317","title":{"rendered":"Hyalurons\u00e4ure"},"content":{"rendered":"<p style=\"text-align: justify;\">Die spezielle Arthrosetherapie beinhaltet die Spritzenbehandlung des Innenraumes von Gelenken, die schmerzhaft von vorzeitigem <strong><span style=\"color: #008080;\">Gelenkverschlei\u00df<\/span><\/strong> befallen sind, mit <strong><span style=\"color: #008080;\">Hyalurons\u00e4ure<\/span><\/strong>-haltigen Pr\u00e4paraten.<\/p>\n<p style=\"text-align: justify;\">Hyalurons\u00e4ure ist der wichtigste nat\u00fcrliche Bestandteil unserer Gelenkfl\u00fcssigkeit (Gelenkschmiere) und wird von der die Gelenke auskleidenden Schleimhaut produziert. Biochemisch gesehen handelt es sich um ein Glykosaminoglykan, das aus aus einer Kette von Disacchariden (D-Glucurons\u00e4ure und N-Acetylglucosamin) besteht. Die Oberfl\u00e4chenschicht des Knorpelgewebes der Gelenkfl\u00e4chen enth\u00e4lt ebenfalls einen hohen Anteil an Hyalurons\u00e4ure.<br \/>\nDie <span style=\"color: #333333;\">Ern\u00e4hrung<\/span> und Regeneration des Gelenkknorpels erfolgt \u00fcber die Gelenkfl\u00fcssigkeit. Gelenkknorpel besitzt keine Blutzufuhr sondern saugt seine N\u00e4hrstoffe wie ein Schwamm durch wechselnde Be- und Entlastung der Gelenkfl\u00e4chen aus der Gelenkfl\u00fcssigkeit.<\/p>\n<p style=\"text-align: justify;\">Ein verschlissenes Gelenk produziert Abriebpartikel, die wiederum von der Gelenkschleimhaut verdaut und abtransportiert werden m\u00fcssen. \u00dcbersteigt die Anzahl der Partikel die \u201eVerdauungskapazit\u00e4t\u201c der Schleimhaut, entz\u00fcndet sie sich. Als direktes Ergebnis wird d\u00fcnnfl\u00fcssige Gelenkfl\u00fcssigkeit in geringer Qualit\u00e4t in zu hoher Menge produziert. Da im Gegensatz zur entz\u00fcndeten Nasenschleimhaut kein freier Abfluss existiert, kommt es zu schmerzhaften Schwellungen des betroffenen Gelenkes.<\/p>\n<p style=\"text-align: justify;\">Von au\u00dfen, durch Injektion zugef\u00fchrte, Hyalurons\u00e4ure entlastet die Schleimhaut und f\u00fchrt so zu einer <span style=\"color: #008080;\">Normalisierung des Gelenkstoffwechsels<\/span>. Die Freisetzung von knorpelsch\u00e4digenden Substanzen und Entz\u00fcndungsmediatoren werden reduziert. Sie sch\u00fctzt die Gelenkfl\u00e4chen vor weiterem Abrieb vergleichbar mit einer <span style=\"color: #008080;\">neuen Schmierung<\/span> durch einen &#8222;Motor\u00f6lwechsel&#8220;. Somit unterst\u00fctzt Hyalurons\u00e4ure in begrenztem Umfang auch die <span style=\"color: #008080;\">Regeneration des Gelenkknorpels <span style=\"color: #333333;\">und ist in der Lage das Fortschreiten der Arthrose wirksam zu bremsen.<\/span><\/span><br \/>\nPrinzipiell k\u00f6nnen alle Gelenke mit Hyalurons\u00e4ureinjektionen behandelt werden. Im Vordergrund stehen Gelenke, die am h\u00e4ufigsten betroffen sind wie z.B. Knie, H\u00fcften, Schultern, Sprunggelenke oder Wirbelgelenke. In der Mehrzahl der F\u00e4lle werden eine deutliche Reduktion der Beschwerden und eine Verbesserung der Gelenkfunktion erreicht. Die positive Wirkung der Behandlung kann \u00fcber 6 bis 12 Monate anhalten.<\/p>\n<p style=\"text-align: justify;\">F\u00fcr die stadiengerechte Behandlung der Arthrose stehen in unserer Praxis verschieden starke Pr\u00e4parate zur Verf\u00fcgung. Wir empfehlen die Injektion von zumeist 5 Ampullen eines entsprechenden Pr\u00e4parates im Abstand von je einer Woche. In Sonderf\u00e4llen kann auch eine Einzelinjektion m\u00f6glich und sinnvoll sein.<\/p>\n<p><strong>Ergebnisse:<\/strong><\/p>\n<p style=\"text-align: justify;\">Die gezielte Knorpelbehandlung bringt oft erstaunliche Erfolge: \u00fcber 72 % der Patienten beurteilten die Therapie als \u201cgut\u201d oder \u201csehr gut\u201d. Fast alle Patienten berichten \u00fcber eine deutliche Besserung der Beschwerden. Es kommt zu einem R\u00fcckgang des Belastungs-, bzw. Ruheschmerzes, einer Verbesserung der Gelenkbeweglichkeit und insgesamt einer Zunahme der k\u00f6rperlichen Aktivit\u00e4t. Die Gelenktherapie lindert die Arthrosebeschwerden im Durchschnitt f\u00fcr 6-12 Monate, je nach Schweregrad der Erkrankung. Zus\u00e4tzliche Schmerzmittel k\u00f6nnen somit eingespart werden. Eine Wiederholung der Behandlung ist m\u00f6glich.<br \/>\n<span style=\"font-size: 10pt;\">[Lit: 1.B.Mazieres et al. Joint Bone Spine(2007) 74:453-460, 2.R.Petrella et al Arch intern Med Vol 162 Feb 11 2992 3. RJ Petrella % m Petrella Th journal of rheumatology\u00a0 2006;33:5\u00a0 4. RJ petrella Am j Phys Med RTehabil 2005 84:278-283\u00a0 5. Rodriguez et al (2003) EULAR poster P237\u00a0 6. Petrella et al the Physician and sports medicine July 2004 Vol 32 (7)\u00a0 7. Petrella et al Orthopaedic Research and Reviews 2010:2 5-9 8. Weinhart 6|2011| Hamburg Quelle Curasan AG]<\/span><\/p>\n<p style=\"text-align: justify;\">Bei der leitliniengerechten Behandlung der Kniearthrose (Gonarthrose) ist die Behandlung mit Hyalurons\u00e4ure seit Jahren ein fester Bestandteil <span style=\"font-size: 10pt;\">[AWMF S2k-Leitlinie, www.awmf.org\/leitlinien\/detail\/ll\/033-004.html].<\/span><\/p>\n","protected":false},"excerpt":{"rendered":"<p>Die spezielle Arthrosetherapie beinhaltet die Spritzenbehandlung des Innenraumes von Gelenken, die schmerzhaft von vorzeitigem Gelenkverschlei\u00df befallen sind, mit Hyalurons\u00e4ure-haltigen Pr\u00e4paraten. Hyalurons\u00e4ure ist der wichtigste nat\u00fcrliche Bestandteil unserer Gelenkfl\u00fcssigkeit (Gelenkschmiere) und wird von der die Gelenke auskleidenden Schleimhaut produziert. Biochemisch gesehen &hellip; <a href=\"http:\/\/orthopaedie-kulmbach.de\/?page_id=317\">Weiterlesen <span class=\"meta-nav\">&rarr;<\/span><\/a><\/p>\n","protected":false},"author":1,"featured_media":0,"parent":27,"menu_order":0,"comment_status":"closed","ping_status":"open","template":"","meta":[],"_links":{"self":[{"href":"http:\/\/orthopaedie-kulmbach.de\/index.php?rest_route=\/wp\/v2\/pages\/317"}],"collection":[{"href":"http:\/\/orthopaedie-kulmbach.de\/index.php?rest_route=\/wp\/v2\/pages"}],"about":[{"href":"http:\/\/orthopaedie-kulmbach.de\/index.php?rest_route=\/wp\/v2\/types\/page"}],"author":[{"embeddable":true,"href":"http:\/\/orthopaedie-kulmbach.de\/index.php?rest_route=\/wp\/v2\/users\/1"}],"replies":[{"embeddable":true,"href":"http:\/\/orthopaedie-kulmbach.de\/index.php?rest_route=%2Fwp%2Fv2%2Fcomments&post=317"}],"version-history":[{"count":13,"href":"http:\/\/orthopaedie-kulmbach.de\/index.php?rest_route=\/wp\/v2\/pages\/317\/revisions"}],"predecessor-version":[{"id":1399,"href":"http:\/\/orthopaedie-kulmbach.de\/index.php?rest_route=\/wp\/v2\/pages\/317\/revisions\/1399"}],"up":[{"embeddable":true,"href":"http:\/\/orthopaedie-kulmbach.de\/index.php?rest_route=\/wp\/v2\/pages\/27"}],"wp:attachment":[{"href":"http:\/\/orthopaedie-kulmbach.de\/index.php?rest_route=%2Fwp%2Fv2%2Fmedia&parent=317"}],"curies":[{"name":"wp","href":"https:\/\/api.w.org\/{rel}","templated":true}]}}