{"id":27,"date":"2013-01-28T21:30:24","date_gmt":"2013-01-28T20:30:24","guid":{"rendered":"http:\/\/orthopaedie-kulmbach.de\/?page_id=27"},"modified":"2021-01-17T19:31:42","modified_gmt":"2021-01-17T18:31:42","slug":"terhapie","status":"publish","type":"page","link":"http:\/\/orthopaedie-kulmbach.de\/?page_id=27","title":{"rendered":"Therapie"},"content":{"rendered":"<p>Die M\u00f6glichkeiten der <span style=\"color: #000000;\"><strong>Behandlungen<\/strong> i<\/span>n meiner Praxis habe ich Ihnen kurz aufgelistet. Wir entscheiden nat\u00fcrlich gemeinsam was f\u00fcr Sie sinnvoll ist.<\/p>\n<p><span style=\"color: #008080;\"><strong><a title=\"Beratung\" href=\"http:\/\/orthopaedie-kulmbach.de\/?page_id=446\"><strong><span style=\"color: #008080;\">Beratung<\/span><\/strong><\/a><\/strong>,<\/span> der Schl\u00fcssel zum Behandlungserfolg, fachkundig, fundiert, unabh\u00e4ngig<\/p>\n<p><strong><span style=\"color: #33cccc;\"><a title=\"Unfallversorgung\" href=\"http:\/\/orthopaedie-kulmbach.de\/?page_id=430\"><strong><span style=\"color: #008080;\">Unfall-\u00a0<\/span><\/strong><\/a><span style=\"color: #008080;\"> und Notfallversorgung<\/span><\/span><\/strong> mit OP und Gipsraum<\/p>\n<p><strong><span style=\"color: #33cccc;\"><a title=\"Physikalische Therapie\" href=\"http:\/\/orthopaedie-kulmbach.de\/?page_id=398\"><strong><span style=\"color: #008080;\">Physikalische Therapie<\/span><\/strong><\/a><\/span><\/strong><\/p>\n<ul>\n<li><a title=\"Sto\u00dfwellentherapie\" href=\"http:\/\/orthopaedie-kulmbach.de\/?page_id=322\"><strong><span style=\"color: #008080;\">Sto\u00dfwellentherapie<\/span><\/strong><\/a> <strong><span style=\"color: #008080;\">(ESWT)<\/span><\/strong> z.B. bei Tennisellenbogen, Fersensporn, Kalkschulter, Sehnenerkrankungen,<\/li>\n<li><a href=\"http:\/\/orthopaedie-kulmbach.de\/?page_id=1227\"><span style=\"color: #008080;\"><strong><span style=\"color: #008080;\">Traktions- und Dekompressionstherapie<\/span><\/strong><\/span><\/a>, computergesteuert<\/li>\n<li>Triggerpunktmassage ger\u00e4tegest\u00fctzt <span style=\"color: #008080;\"><strong>(<a title=\"Sto\u00dfwellentherapie\" href=\"http:\/\/orthopaedie-kulmbach.de\/?page_id=322\"><span style=\"color: #008080;\">Sto\u00dfwelle<\/span><\/a>)<\/strong><\/span> z.B. f\u00fcr muskul\u00e4re Verspannungen.<\/li>\n<li><a title=\"Vibrationsmassage\" href=\"http:\/\/orthopaedie-kulmbach.de\/?page_id=404\"><strong><span style=\"color: #008080;\">Vibrationsmassage<\/span><\/strong><\/a> ger\u00e4tegest\u00fctzt f\u00fcr die gesamte Wirbels\u00e4ule oder regional<\/li>\n<li><a title=\"Elektrotherapie\" href=\"http:\/\/orthopaedie-kulmbach.de\/?page_id=386\"><strong><span style=\"color: #008080;\">Elektrotherapie<\/span><\/strong><\/a> und <strong><span style=\"color: #008080;\">Tens-<\/span> <\/strong>Versogung\u00a0 bei Nervenschmerzen oder Reizungen, muskul\u00e4ren Verspannungen, chronischen Schmerzsyndromen<\/li>\n<li>Energetische Zellanregung z.B. bei Bandscheibensch\u00e4den, Arthrose, Rheuma, Osteoporose<\/li>\n<li><span style=\"color: #008080;\"><strong>Verb\u00e4nde, <\/strong><span style=\"color: #000000;\">Tape, Salben, Zinkleim u.v.m.<\/span><\/span><\/li>\n<\/ul>\n<p><strong><span style=\"color: #33cccc;\"><a title=\"Medikament\u00f6se Behandlung\" href=\"http:\/\/orthopaedie-kulmbach.de\/?page_id=436\"><strong><span style=\"color: #008080;\">Medikament\u00f6se Behandlung<\/span><\/strong><\/a><\/span><\/strong><\/p>\n<ul>\n<li><span style=\"color: #333333;\">Schmerztherapie<\/span><\/li>\n<li><span style=\"color: #333333;\">L\u00f6sen von Verspannungen<\/span><\/li>\n<li><span style=\"color: #333333;\">Knorpelschutz der Gelenke<\/span><\/li>\n<li><span style=\"color: #333333;\">Knochenaufbau bei Osteoporose, leitliniengerecht <\/span>(s.a. unter Institut)<\/li>\n<li><span style=\"color: #333333;\">Rheumaerkrankungen<\/span><\/li>\n<li>Infektionen und andere entz\u00fcndliche Erkrankungen<\/li>\n<li>Sehnen und Gelenkbeschwerden<\/li>\n<\/ul>\n<p><strong><span style=\"color: #33cccc;\"><a title=\"Injektionsbehandlungen\" href=\"http:\/\/orthopaedie-kulmbach.de\/?page_id=441\"><strong><span style=\"color: #008080;\">Injektionsbehandlungen (Spritzen)<\/span><\/strong><\/a><\/span><\/strong><\/p>\n<ul>\n<li><a title=\"Quellgas-Therapie\" href=\"http:\/\/orthopaedie-kulmbach.de\/?page_id=336\"><strong><span style=\"color: #008080;\">Quellgas (CO<sub>2<\/sub>)<\/span><\/strong><\/a><\/li>\n<li>Neuraltherapie<\/li>\n<li>Proliferationstherapie<\/li>\n<li>Spezifische Injektionstherapie an der Wirbels\u00e4ule<\/li>\n<li>Gelenkpunktionen und -injektionen zur Schmerztherapie (z.B. auch kortisonfrei)\u00a0 und \/ oder zum Knorpelschutz (<a title=\"Hyalurons\u00e4ure\" href=\"http:\/\/orthopaedie-kulmbach.de\/?page_id=317\"><strong><span style=\"color: #008080;\">Hyalurons\u00e4ure<\/span><\/strong><\/a>)<\/li>\n<\/ul>\n<p><strong><span style=\"color: #33cccc;\"><a title=\"Infusionen\" href=\"http:\/\/orthopaedie-kulmbach.de\/?page_id=381\"><strong><span style=\"color: #008080;\">Infusionen<\/span><\/strong><\/a><\/span> <\/strong><\/p>\n<ul>\n<li>Zur <strong><span style=\"color: #33cccc;\"><a title=\"Schmerztherapie\" href=\"http:\/\/orthopaedie-kulmbach.de\/?page_id=371\"><strong><span style=\"color: #008080;\">Schmerztherapie<\/span><\/strong><\/a><\/span><\/strong><\/li>\n<li>Zum <strong><span style=\"color: #008080;\">allgemeinen Aufbau<\/span><\/strong> (Vitaminkur)<\/li>\n<\/ul>\n<p><strong><span style=\"color: #33cccc;\"><a title=\"Chirotherapie\" href=\"http:\/\/orthopaedie-kulmbach.de\/?page_id=330\"><strong><span style=\"color: #008080;\">Chirotherapie<\/span><\/strong><\/a><\/span><\/strong><\/p>\n<p><strong><span style=\"color: #33cccc;\"><a title=\"Schmerztherapie\" href=\"http:\/\/orthopaedie-kulmbach.de\/?page_id=371\"><strong><span style=\"color: #008080;\">Schmerztherapie<\/span><\/strong><\/a><\/span><\/strong><\/p>\n<ul>\n<li><a title=\"Akupunktur\" href=\"http:\/\/orthopaedie-kulmbach.de\/?page_id=419\"><strong><span style=\"color: #008080;\">Akupunktur <\/span><\/strong><\/a>nach den Kriterien der traditionellen chinesischen Medizin<\/li>\n<li><strong><span style=\"color: #33cccc;\"><a title=\"Infusionen\" href=\"http:\/\/orthopaedie-kulmbach.de\/?page_id=381\"><strong><span style=\"color: #008080;\">Infusionen<\/span><\/strong><\/a><\/span><\/strong><\/li>\n<li>gezielte <strong><span style=\"color: #33cccc;\"><a title=\"Injektionsbehandlungen\" href=\"http:\/\/orthopaedie-kulmbach.de\/?page_id=441\"><strong><span style=\"color: #008080;\">Injektions<\/span><\/strong><\/a><\/span><\/strong><span style=\"color: #33cccc;\"><span style=\"color: #333333;\">b<\/span><\/span>ehandlungen aller Gelenke speziell auch an der Wirbels\u00e4ule, Neuraltherapie, Proliferationstherapie<\/li>\n<li>Medikament\u00f6se Therapie<\/li>\n<li><a title=\"Quellgas-Therapie\" href=\"http:\/\/orthopaedie-kulmbach.de\/?page_id=336\"><strong><span style=\"color: #008080;\">Quellgas- Therapie, (CO<sub>2<\/sub>)<\/span><\/strong><\/a><\/li>\n<li><span style=\"color: #008080;\"><strong><a style=\"color: #008080;\" title=\"Physikalische Therapie\" href=\"http:\/\/orthopaedie-kulmbach.de\/?page_id=398\">Physikalische Therapie<\/a><\/strong><\/span><\/li>\n<\/ul>\n<p><span style=\"color: #008080;\"><strong>Arthrosebehandlung und\u00a0 Knorpelschutz\u00a0\u00a0\u00a0 <\/strong><\/span><\/p>\n<ul>\n<li>Medikament\u00f6se Therapie, <a href=\"http:\/\/orthopaedie-kulmbach.de\/?page_id=95\"><span style=\"text-decoration: underline;\"><strong><span style=\"color: #008080; text-decoration: underline;\">Chondroprotektiva<\/span><\/strong> <\/span><\/a>(siehe auch unter <strong><span style=\"color: #008080;\">Institut<\/span><\/strong>)<\/li>\n<li>Energetische Zellanregung<\/li>\n<li><a title=\"Hyalurons\u00e4ure\" href=\"http:\/\/orthopaedie-kulmbach.de\/?page_id=317\"><strong><span style=\"color: #008080;\">Hyalurons\u00e4ure<\/span><\/strong><\/a>injektionen<\/li>\n<\/ul>\n<p style=\"text-align: justify;\"><span style=\"color: #008080;\"><strong>Hilfsmittelversorgung<\/strong><\/span><br \/>\nVerordnung von \u00fcblichen Bandagen, Orthesen, Gehilfen, orthop\u00e4dische Einlagen, Sonderanfertigungen, orthop\u00e4dische Schuhversorgung, Hilfsmittel f\u00fcr den Alltag zu Hause und f\u00fcr das Berufsleben.<\/p>\n<p style=\"text-align: justify;\"><span style=\"color: #008080;\"><strong>Heilmittelverordnungen<\/strong><\/span><br \/>\nVerordnung von Physiotherapie, Ergotherapie, Manueller Therapie, Massage, W\u00e4rmetherapie, Lymphdrainagen, Osteopathie, Bewegungsb\u00e4der, Rehasport und Funktionsstraining, Reha- Ma\u00dfnahmen\u00a0 etc.<\/p>\n<p><a title=\"Sportmedizin\" href=\"http:\/\/orthopaedie-kulmbach.de\/?page_id=424\"><strong><span style=\"color: #008080;\">Sportmedizin<\/span><\/strong><\/a><\/p>\n<p><a title=\"IGel\" href=\"http:\/\/orthopaedie-kulmbach.de\/?page_id=356\"><strong><span style=\"color: #008080;\">Individuelle Gesundheitsleistungen (\u201eIGeL\u201c)<\/span><\/strong><\/a> (siehe unter Sonstiges)<\/p>\n","protected":false},"excerpt":{"rendered":"<p>Die M\u00f6glichkeiten der Behandlungen in meiner Praxis habe ich Ihnen kurz aufgelistet. Wir entscheiden nat\u00fcrlich gemeinsam was f\u00fcr Sie sinnvoll ist. Beratung, der Schl\u00fcssel zum Behandlungserfolg, fachkundig, fundiert, unabh\u00e4ngig Unfall-\u00a0 und Notfallversorgung mit OP und Gipsraum Physikalische Therapie Sto\u00dfwellentherapie (ESWT) &hellip; <a href=\"http:\/\/orthopaedie-kulmbach.de\/?page_id=27\">Weiterlesen <span class=\"meta-nav\">&rarr;<\/span><\/a><\/p>\n","protected":false},"author":1,"featured_media":0,"parent":12,"menu_order":0,"comment_status":"closed","ping_status":"open","template":"","meta":[],"_links":{"self":[{"href":"http:\/\/orthopaedie-kulmbach.de\/index.php?rest_route=\/wp\/v2\/pages\/27"}],"collection":[{"href":"http:\/\/orthopaedie-kulmbach.de\/index.php?rest_route=\/wp\/v2\/pages"}],"about":[{"href":"http:\/\/orthopaedie-kulmbach.de\/index.php?rest_route=\/wp\/v2\/types\/page"}],"author":[{"embeddable":true,"href":"http:\/\/orthopaedie-kulmbach.de\/index.php?rest_route=\/wp\/v2\/users\/1"}],"replies":[{"embeddable":true,"href":"http:\/\/orthopaedie-kulmbach.de\/index.php?rest_route=%2Fwp%2Fv2%2Fcomments&post=27"}],"version-history":[{"count":48,"href":"http:\/\/orthopaedie-kulmbach.de\/index.php?rest_route=\/wp\/v2\/pages\/27\/revisions"}],"predecessor-version":[{"id":1459,"href":"http:\/\/orthopaedie-kulmbach.de\/index.php?rest_route=\/wp\/v2\/pages\/27\/revisions\/1459"}],"up":[{"embeddable":true,"href":"http:\/\/orthopaedie-kulmbach.de\/index.php?rest_route=\/wp\/v2\/pages\/12"}],"wp:attachment":[{"href":"http:\/\/orthopaedie-kulmbach.de\/index.php?rest_route=%2Fwp%2Fv2%2Fmedia&parent=27"}],"curies":[{"name":"wp","href":"https:\/\/api.w.org\/{rel}","templated":true}]}}