{"id":25,"date":"2013-01-28T21:26:21","date_gmt":"2013-01-28T20:26:21","guid":{"rendered":"http:\/\/orthopaedie-kulmbach.de\/?page_id=25"},"modified":"2021-01-17T15:31:13","modified_gmt":"2021-01-17T14:31:13","slug":"diagnostik","status":"publish","type":"page","link":"http:\/\/orthopaedie-kulmbach.de\/?page_id=25","title":{"rendered":"Diagnostik"},"content":{"rendered":"<p style=\"text-align: justify;\"><a name=\"Befragung\"><\/a>Die<span style=\"color: #008080;\"><span style=\"color: #333333;\"> fach\u00e4rztliche orthop\u00e4dische Diagnostik basiert auf einer<\/span><\/span><strong><span style=\"color: #008080;\"> ausf\u00fchrlichen <span style=\"font-size: 12pt;\">Befragung <\/span><\/span><span style=\"color: #008080; font-size: 12pt;\">(Anamnese) <\/span><\/strong><span style=\"color: #008080;\"><span style=\"color: #333333;\">und einer gr\u00fcndlichen <\/span><\/span><strong><span style=\"color: #008080;\">k\u00f6rperlichen Untersuchung<\/span><\/strong> mit ggf. neurologischen Zusatzuntersuchungen und funktionellen Tests. Hieraus ergeben sich in den meisten F\u00e4llen bereits die wegweisenden Anhaltspunkte.<\/p>\n<p style=\"text-align: justify;\">Weiterhin bietet Ihnen m<span style=\"color: #000000;\">ei<\/span>ne fach\u00e4rztliche Praxis s\u00e4mtliche diagnostische Standardleistungen der Orthop\u00e4die. <a name=\"Ultraschall\"><\/a>So z\u00e4hlt zum Beispiel die <span style=\"color: #008080;\"><strong>Ultraschalluntersuchung<\/strong> <strong>(Sonographie)<\/strong> <\/span>zur erweiterten Diagnostik. Sie erspart in vielen F\u00e4llen z.B. die Anfertigung von \u201eKernspinaufnahmen\u201c, die aufwendig, teuer und oft mit langen Wartezeiten verbunden sind. Die Ultraschalluntersuchung ist schnell durchf\u00fchrbar und birgt keine Gesundheitsrisiken. Sie erm\u00f6glicht das Erkennen von Entz\u00fcndungen im Weichteilgewebe (z.B. Schleimbeutel), von Verkalkungen (z.B. &#8222;Kalkschulter&#8220;), frischen Verletzungen, Blut- und Gelenkerg\u00fcssen, Kapsel-, Band- und \/ oder Sehnenrissen an den Gelenken und von Erkrankungen des rheumatischen Formenkreises. Zur fr\u00fchzeitigen Erkennung m\u00f6glicher <strong><span style=\"color: #008080;\">H\u00fcftfehlstellungen ist sie f\u00fcr alle S\u00e4uglinge<\/span><\/strong> vorgeschrieben und sollte m\u00f6glichst geburtsnahe erstmals erfolgen.<br \/>\nIn der Diagnostik und f\u00fcr Kontrolluntersuchungen ist die Ultraschalluntersuchung durch ihre problemlose und risikofreie Verf\u00fcgbarkeit au\u00dferordentlich wertvoll. Sie wird von allen gestzlichen und privaten Krankenkassen erstattet.<\/p>\n<p><a name=\"Roentgen\"><\/a><\/p>\n<p style=\"text-align: justify;\">Weiterhin k\u00f6nnen in meiner Praxis<span style=\"color: #008080;\"><strong> R\u00f6ntgenaufnahmen<\/strong> <\/span>sofort zu Ihrem Untersuchungstermin durchgef\u00fchrt werden, falls es erforderlich ist. Sie ben\u00f6tigen keinen neuen Termin mit neuen Wartezeiten. Die Aufnahmen erfolgen in analoger Technik mit entsprechend hoher Bildqualit\u00e4t, minimierter Strahlendosis und Sicherheit vor Manipulationen. Die Originalbilder werden auf Wunsch unmittelbar z.B. zur Einsichtnahme von Kollegen mitgegeben ohne zus\u00e4tzliche Kosten. Gem\u00e4\u00df R\u00f6ntgenverordnung sollten die Aufnahmen allerdings zur\u00fcckgebracht werden. Sie m\u00fcssen &#8211; mit einigen Ausnahmen &#8211;\u00a0 in der Regel f\u00fcr 10 Jahre in meiner Praxis aufbewahrt werden.<\/p>\n<p><a name=\"Labor\"><\/a><\/p>\n<p style=\"text-align: justify;\">Notwendige <span style=\"color: #008080;\"><strong>Laboruntersuchungen<\/strong> <\/span>(z.B. &#8222;Rheumalabor&#8220;, &#8222;Osteoporoselabor&#8220;, &#8222;Entz\u00fcndungswerte&#8220;, Wundabstriche u.a.) werden ebenfalls unmittelbar veranlasst. Die Ergebnisse liegen in der Regel binnen 24 &#8211; 48 Stunden vor.<br \/>\nAuch ein <a title=\"Diagnostik\" href=\"http:\/\/orthopaedie-kulmbach.de\/?page_id=25\"><strong><span style=\"color: #008080;\">Rheuma-Schnelltest<\/span><\/strong> <\/a>mit sehr hoher Treffsicherheit (98%) ist in meiner Praxis m\u00f6glich. Es wird hierzu nur ein Tropfen Blut aus dem Ohrl\u00e4ppchen ben\u00f6tigt. Die Auswertung dauert 15 Minuten. F\u00fcr gesetzlich versicherte Patienten handelt es sich um eine Selbstzahlerleistung (&#8222;IGeL&#8220;).<\/p>\n<p><a name=\"Knochendichte\"><\/a><strong><span style=\"color: #008080;\">Knochendichtemessung<\/span><\/strong><\/p>\n<p style=\"text-align: justify;\">Sie dient der Erkennung der <strong>Osteoporose (Knochenschwund)<\/strong> und dem damit verbundenen Risiko f\u00fcr Knochenbr\u00fcche, sowie der Behandlungssteuerung. Betroffen von\u00a0 Osteoporose ist jede dritte Frau in den Wechseljahren. Nach den Leitlinien des Dachverband f\u00fcr Osteologie (DVO) wird die vorsorgliche Knochendichtemessung allen Frauen unter 60 Jahren mit einem oder mehreren Risikofaktoren empfohlen sowie allen Frauen \u00fcber 60 Jahren, allen M\u00e4nnern und Frauen mit Knochenbr\u00fcchen ohne ad\u00e4quates Trauma in der Vorgeschichte, bei Knochenstoffwechselerkrankungen (Morbus Paget, rheumatoide Arthritis) und bei langj\u00e4hriger Kortisontherapie.<br \/>\nLeitliniengem\u00e4\u00df wird an der Wirbels\u00e4ule und an der H\u00fcfte mittels <strong>DEXA Methode<\/strong> (Dual Energy X-ray Absorptiometry, sogenannter \u201eGoldstandard\u201c) gemessen. Die etwa f\u00fcnfzehnmin\u00fctige Untersuchung erfolgt auf einer bequemen Liege mit einer minimalen R\u00f6ntgendosis. Sie findet im von mir mit gegr\u00fcndeten <span style=\"text-decoration: underline;\">\u201eZentrum f\u00fcr Knochengesundheit Kulmbach\u201c<\/span> statt (Johann-V\u00f6lker Stra\u00dfe). Beachten Sie bitte, dass eine DEXA-Messung immer nur nach \u00e4rztlicher R\u00fccksprache und mit der Rechtfertigung durch einen bef\u00e4higten Facharzt erfolgen darf. Ein Termin zur Messung kann gerne \u00fcber meine Praxis vereinbart werden.<br \/>\nIm Arztgespr\u00e4ch werden Ihre Me\u00dfwerte erkl\u00e4rt und mit Ihnen eventuell erforderliche Ma\u00dfnahmen besprochen. Zur Behandlung der Osteoporose und zur Vorbeugung von Knochenbr\u00fcchen stehen\u00a0 konservative Basisma\u00dfnahmen und gegebenenfalls verschiedenste effektive Medikamente zur Verf\u00fcgung. Die medikament\u00f6se Behandlung hat ihre Wirksamkeit bis ins hohe Alter unter Beweis gestellt und ist in der Regel sehr gut vertr\u00e4glich.<\/p>\n<p style=\"text-align: justify;\"><span style=\"font-size: 12px;\">Bitte beachten:<\/span><\/p>\n<p style=\"text-align: justify;\"><span style=\"font-size: 12px;\">Bringen Sie m\u00f6glichst alle Arztberichte \u00fcber <strong><span style=\"color: #008080;\">Voruntersuchungen<\/span> <\/strong>zum Termin mit. Anforderungen \u00fcber unsere Praxis dauern in der Regel mehrere Tage, so da\u00df ein neuer Termin f\u00fcr Sie vereinbart werden m\u00fc\u00dfte. <\/span><span style=\"font-size: 12px;\">Durch Sichtung der Vorbefunde k\u00f6nnen Doppeluntersuchungen vermieden werden. Auch eine Verlaufsbeurteilung ist nur bei Kenntnis der Vorbefunde m\u00f6glich.<\/span> <span style=\"font-size: 12px;\"><span style=\"color: #008080;\">USB Sticks<\/span>, <span style=\"color: #008080;\">handbeschriftete CD-ROM <\/span><span style=\"color: #008080;\">und DVD<\/span> werden aus rechtlichen und sicherheitstechnischen Gr\u00fcnden nicht eingelesen. Originalbeschriftete CD-ROM (DVD) nur in Ausnahmef\u00e4llen. Die Datentr\u00e4ger sind in der Regel nicht f\u00fcr die Befundung und nicht f\u00fcr diagnostische Zwecke geeignet. Bei R\u00f6ntgen- oder Kernspinaufnahmen gen\u00fcgt in den meisten F\u00e4llen der schriftliche <span style=\"color: #008080;\">Befundbericht<\/span>, der bei jeder bildgebenden Diagnostik unmittelbar erstellt werden mu\u00df. Jeder Patient hat ohne Nennung von Gr\u00fcnden die M\u00f6glichkeit unverz\u00fcglich seine Arztunterlagen einzusehen. Kopien sind mit -,50 Cent pro Seite zu verg\u00fcten\u00a0 (Patientenrechegesetz 2013, R\u00f6ntgenverordnung).<br \/>\n<\/span><\/p>\n<p style=\"text-align: justify;\"><span style=\"font-size: 12px;\">\u00a0\u00a0 <\/span><\/p>\n","protected":false},"excerpt":{"rendered":"<p>Die fach\u00e4rztliche orthop\u00e4dische Diagnostik basiert auf einer ausf\u00fchrlichen Befragung (Anamnese) und einer gr\u00fcndlichen k\u00f6rperlichen Untersuchung mit ggf. neurologischen Zusatzuntersuchungen und funktionellen Tests. Hieraus ergeben sich in den meisten F\u00e4llen bereits die wegweisenden Anhaltspunkte. Weiterhin bietet Ihnen meine fach\u00e4rztliche Praxis s\u00e4mtliche &hellip; <a href=\"http:\/\/orthopaedie-kulmbach.de\/?page_id=25\">Weiterlesen <span class=\"meta-nav\">&rarr;<\/span><\/a><\/p>\n","protected":false},"author":1,"featured_media":0,"parent":12,"menu_order":0,"comment_status":"closed","ping_status":"open","template":"","meta":[],"_links":{"self":[{"href":"http:\/\/orthopaedie-kulmbach.de\/index.php?rest_route=\/wp\/v2\/pages\/25"}],"collection":[{"href":"http:\/\/orthopaedie-kulmbach.de\/index.php?rest_route=\/wp\/v2\/pages"}],"about":[{"href":"http:\/\/orthopaedie-kulmbach.de\/index.php?rest_route=\/wp\/v2\/types\/page"}],"author":[{"embeddable":true,"href":"http:\/\/orthopaedie-kulmbach.de\/index.php?rest_route=\/wp\/v2\/users\/1"}],"replies":[{"embeddable":true,"href":"http:\/\/orthopaedie-kulmbach.de\/index.php?rest_route=%2Fwp%2Fv2%2Fcomments&post=25"}],"version-history":[{"count":29,"href":"http:\/\/orthopaedie-kulmbach.de\/index.php?rest_route=\/wp\/v2\/pages\/25\/revisions"}],"predecessor-version":[{"id":1417,"href":"http:\/\/orthopaedie-kulmbach.de\/index.php?rest_route=\/wp\/v2\/pages\/25\/revisions\/1417"}],"up":[{"embeddable":true,"href":"http:\/\/orthopaedie-kulmbach.de\/index.php?rest_route=\/wp\/v2\/pages\/12"}],"wp:attachment":[{"href":"http:\/\/orthopaedie-kulmbach.de\/index.php?rest_route=%2Fwp%2Fv2%2Fmedia&parent=25"}],"curies":[{"name":"wp","href":"https:\/\/api.w.org\/{rel}","templated":true}]}}