{"id":1227,"date":"2017-08-02T21:58:45","date_gmt":"2017-08-02T19:58:45","guid":{"rendered":"http:\/\/orthopaedie-kulmbach.de\/?page_id=1227"},"modified":"2021-01-17T16:38:50","modified_gmt":"2021-01-17T15:38:50","slug":"traktion-und-dekompression","status":"publish","type":"page","link":"http:\/\/orthopaedie-kulmbach.de\/?page_id=1227","title":{"rendered":"Traktion und Dekompression"},"content":{"rendered":"<p><strong>Mechanische, computergesteuerte Traktionstherapie zur Dekompression<br \/>\nan Hals- und Lendenwirbels\u00e4ule <span style=\"color: #000000;\">(Triton DTS)<\/span><br \/>\n<\/strong><\/p>\n<p><strong><span style=\"color: #008080;\">Wie wirkt die Traktionstherapie?<\/span><\/strong><\/p>\n<p style=\"text-align: justify;\">Die Traktion (Zugbehandlung, &#8222;Streckung&#8220;) wird seit Jahrzehnten&nbsp; bereits als sichere L\u00f6sung zur Behandlung von Hals- und Lendenwirbels\u00e4ulenbeschwerden eingesetzt. Ursachen f\u00fcr Schmerzen an Hals- und Lendenwirbels\u00e4ule sind h\u00e4ufig muskul\u00e4re Verspannungen, Wirbelblockierungen, oder Druckph\u00e4nomene auf die Nervenwurzeln durch Bandscheiben oder kn\u00f6cherne Ver\u00e4nderungen an den Nervenkan\u00e4len. Der Nerv ist gereizt, schwillt an und dr\u00fcckt sich auf Grund des Platzmangels selbst weiter ab. Durch die Zugbehandlung kommt es zu einem L\u00f6sen der Strukturen und zu einer Druckentlastung der Nerven. Die Traktion setzt also unmittelbar an der Ursache des Problemes an. Bei Bandscheibenvorf\u00e4llen z.B. kann die konservative Behandlung durch die Traktion sehr wirksam unterst\u00fctzt werden. Kortisonhaltige Injektionen an der Wirbels\u00e4ule werden h\u00e4ufig vermieden und Operationen* unn\u00f6tig.<\/p>\n<h2><strong><span style=\"color: #008080;\">Positive Effekte der Traktion: <\/span><\/strong><\/h2>\n<ul>\n<li>Entz\u00fcndungshemmende Reaktionen des K\u00f6rpers<br \/>\n&#8211; Verbesserung des Muskeltonus (Entspannung)<\/li>\n<li>Minderung des Drucks auf Nerven und Wirbels\u00e4ule (Dekompression)<br \/>\n&#8211; Reduktion der Bandscheibenvorw\u00f6lbungen<br \/>\n&#8211; Reduktion von z.B. Spannungskopfschmerz<br \/>\n&#8211; L\u00f6sen und Lockern der Wirbelgelenke<\/li>\n<li>Mobilisation des behandelten K\u00f6rperabschnittes<br \/>\n&#8211; Dehnung von B\u00e4ndern und Sehnen am R\u00fccken und in der Nackenregion<br \/>\n&#8211; Entlastung von Kapsel, Facettengelenken und Bandscheiben<\/li>\n<li>Anregung des Stoffwechsels<br \/>\n&#8211; Verbesserung der Gewebedurchblutung, der Durchsaftung und des Venenabflusses aus dem Gewebe<\/li>\n<\/ul>\n<p><span style=\"color: #008080;\"><strong>Wann wird eine Traktionstherapie empfohlen ?<\/strong><\/span><\/p>\n<h2><span style=\"color: #333333;\">&#8211; Akute und chronische R\u00fcckenschmerzen<\/span><\/h2>\n<h2><span style=\"color: #333333;\">&#8211; Bandscheibenvorf\u00e4lle<\/span><\/h2>\n<h2><span style=\"color: #333333;\">&#8211; Degenerative Erkrankungen der Wirbels\u00e4ule<\/span><\/h2>\n<h2><span style=\"color: #333333;\">&#8211; Eingeschr\u00e4nkte Beweglichkeit der Wirbels\u00e4ule durch Fehlbelastung oder Verschlei\u00df<\/span><\/h2>\n<h2><span style=\"color: #333333;\">&#8211; Schmerzen und Blockierungen der kleinen Wirbelgelenke (Facettensyndrom)<\/span><\/h2>\n<h2><span style=\"color: #333333;\">&#8211; Kompressionsbr\u00fcche (z.B. bei Osteoporose)<\/span><\/h2>\n<h2><span style=\"color: #333333;\">&#8211; Muskelkr\u00e4mpfe<\/span><\/h2>\n<h1><span style=\"color: #333333;\">&#8211; Akute und chronische Nackenschmerzen<\/span><\/h1>\n<h1><span style=\"color: #333333;\">&#8211; Spannungskopfschmerz<\/span><\/h1>\n<p>&nbsp;<\/p>\n<p><span style=\"color: #008080;\"><strong>Wie verl\u00e4uft die Behandlung ?<\/strong><\/span><\/p>\n<p style=\"text-align: justify;\">Nach exakter Diagnosestellung und Lokalisation der erkrankten Strukturen werden zur Behandlung sowohl die Liege als auch die Zugrichtung- und Intensit\u00e4t individuell auf Sie eingestellt. F\u00fcr jede Erkrankungsform gibt es spezielle Programme die computergesteuert unter Aufsicht der medizinischen Assistentin ablaufen.<\/p>\n<ul>\n<li>Zeitdauer: ca. 20 Minuten<\/li>\n<li>Anzahl der Sitzungen: Je nach Erkrankung 8 &#8211; 15, bis zu 3 pro Woche<\/li>\n<\/ul>\n<p><span style=\"color: #008080;\"><strong>Die Vorteile sind:<\/strong><\/span><\/p>\n<ul>\n<li>Schmerzfreie, nicht invasive, nat\u00fcrliche Behandlung durch Zugkr\u00e4fte<\/li>\n<li>Verl\u00e4ssliche und stets reproduzierbare Einstellung von Zugkraft, Position und Dauer der Traktion durch exakte, individuelle Programmierung und Einstellung des Systems<\/li>\n<li>Nebenwirkungsarm<\/li>\n<li>Schnell und effektiv, erste Erfolge sind h\u00e4ufig schon ab der 1. Sitzung m\u00f6glich<\/li>\n<\/ul>\n<p><strong><span style=\"color: #008080;\">Der &#8222;Haken&#8220;:<\/span><\/strong><\/p>\n<p style=\"text-align: justify;\">Gesetzliche Kassen erstatten die Therapie &#8211; wie so oft bei schonenden und nat\u00fcrlichen Heilmethoden &#8211; nur selten und auf Anfrage.<br \/>\nVon den privaten Krankenversicherungen werden die Kosten der Behandlung erfahrungsgem\u00e4\u00df \u00fcbernommen.<\/p>\n<p>&nbsp;<\/p>\n<h4 style=\"text-align: justify;\">*Nach geltender Leitlinie sind Operationen von Bandscheibenvorf\u00e4llen nur bei nicht beherrschbarem Schmerz, trotz intensiver konservativer Behandlungen (Infusionen, Physiotherapie, Injektionen, etc.), bei St\u00f6rungen der Blasen-Mastdarmfunktion oder bei L\u00e4hmungen angezeigt. Wie Sie sicher schon gemerkt haben, wird dies in Deutschland leider nicht \u00fcberall umgesetzt.<\/h4>\n","protected":false},"excerpt":{"rendered":"<p>Mechanische, computergesteuerte Traktionstherapie zur Dekompression an Hals- und Lendenwirbels\u00e4ule (Triton DTS) Wie wirkt die Traktionstherapie? Die Traktion (Zugbehandlung, &#8222;Streckung&#8220;) wird seit Jahrzehnten&nbsp; bereits als sichere L\u00f6sung zur Behandlung von Hals- und Lendenwirbels\u00e4ulenbeschwerden eingesetzt. Ursachen f\u00fcr Schmerzen an Hals- und Lendenwirbels\u00e4ule &hellip; <a href=\"http:\/\/orthopaedie-kulmbach.de\/?page_id=1227\">Weiterlesen <span class=\"meta-nav\">&rarr;<\/span><\/a><\/p>\n","protected":false},"author":3,"featured_media":0,"parent":27,"menu_order":0,"comment_status":"closed","ping_status":"closed","template":"","meta":[],"_links":{"self":[{"href":"http:\/\/orthopaedie-kulmbach.de\/index.php?rest_route=\/wp\/v2\/pages\/1227"}],"collection":[{"href":"http:\/\/orthopaedie-kulmbach.de\/index.php?rest_route=\/wp\/v2\/pages"}],"about":[{"href":"http:\/\/orthopaedie-kulmbach.de\/index.php?rest_route=\/wp\/v2\/types\/page"}],"author":[{"embeddable":true,"href":"http:\/\/orthopaedie-kulmbach.de\/index.php?rest_route=\/wp\/v2\/users\/3"}],"replies":[{"embeddable":true,"href":"http:\/\/orthopaedie-kulmbach.de\/index.php?rest_route=%2Fwp%2Fv2%2Fcomments&post=1227"}],"version-history":[{"count":9,"href":"http:\/\/orthopaedie-kulmbach.de\/index.php?rest_route=\/wp\/v2\/pages\/1227\/revisions"}],"predecessor-version":[{"id":1454,"href":"http:\/\/orthopaedie-kulmbach.de\/index.php?rest_route=\/wp\/v2\/pages\/1227\/revisions\/1454"}],"up":[{"embeddable":true,"href":"http:\/\/orthopaedie-kulmbach.de\/index.php?rest_route=\/wp\/v2\/pages\/27"}],"wp:attachment":[{"href":"http:\/\/orthopaedie-kulmbach.de\/index.php?rest_route=%2Fwp%2Fv2%2Fmedia&parent=1227"}],"curies":[{"name":"wp","href":"https:\/\/api.w.org\/{rel}","templated":true}]}}