{"id":10,"date":"2013-01-20T23:33:27","date_gmt":"2013-01-20T22:33:27","guid":{"rendered":"http:\/\/orthopaedie-kulmbach.de\/?page_id=10"},"modified":"2021-01-13T22:19:51","modified_gmt":"2021-01-13T21:19:51","slug":"home","status":"publish","type":"page","link":"http:\/\/orthopaedie-kulmbach.de\/","title":{"rendered":"Herzlich Willkommen"},"content":{"rendered":"<p>Herzlich willkommen auf der Website der Orthop\u00e4dischen Facharztpraxis von Dr. med. Ralph J\u00f6rg Aman.<\/p>\n<p style=\"text-align: justify;\">Auf den folgenden Seiten m\u00f6chte ich Ihnen das Praxisteam und unsere Leistungen vorstellen. Sie finden kurze Erkl\u00e4rungen zu den diagnostischen und therapeutischen M\u00f6glichkeiten, die in unserer Praxis zur Verf\u00fcgung stehen wie z.B. R\u00f6ntgen, Ultraschall, Akupunktur, Naturheilverfahren, Sto\u00dfwellen- oder Injektionsbehandlungen. Unter der Rubrik &#8222;Sonstiges&#8220; werden auch aktuelle medizinische und gesundheitspolitische Themen aufgegriffen.<\/p>\n<p>Ich hoffe, da\u00df Sie sich in meiner Praxis wohl und &#8222;gut behandelt f\u00fchlen&#8220;.<\/p>\n<p>Ralph-J\u00f6rg Aman<\/p>\n","protected":false},"excerpt":{"rendered":"<p>Herzlich willkommen auf der Website der Orthop\u00e4dischen Facharztpraxis von Dr. med. Ralph J\u00f6rg Aman. Auf den folgenden Seiten m\u00f6chte ich Ihnen das Praxisteam und unsere Leistungen vorstellen. Sie finden kurze Erkl\u00e4rungen zu den diagnostischen und therapeutischen M\u00f6glichkeiten, die in unserer &hellip; <a href=\"http:\/\/orthopaedie-kulmbach.de\/\">Weiterlesen <span class=\"meta-nav\">&rarr;<\/span><\/a><\/p>\n","protected":false},"author":1,"featured_media":0,"parent":0,"menu_order":0,"comment_status":"closed","ping_status":"open","template":"","meta":[],"_links":{"self":[{"href":"http:\/\/orthopaedie-kulmbach.de\/index.php?rest_route=\/wp\/v2\/pages\/10"}],"collection":[{"href":"http:\/\/orthopaedie-kulmbach.de\/index.php?rest_route=\/wp\/v2\/pages"}],"about":[{"href":"http:\/\/orthopaedie-kulmbach.de\/index.php?rest_route=\/wp\/v2\/types\/page"}],"author":[{"embeddable":true,"href":"http:\/\/orthopaedie-kulmbach.de\/index.php?rest_route=\/wp\/v2\/users\/1"}],"replies":[{"embeddable":true,"href":"http:\/\/orthopaedie-kulmbach.de\/index.php?rest_route=%2Fwp%2Fv2%2Fcomments&post=10"}],"version-history":[{"count":12,"href":"http:\/\/orthopaedie-kulmbach.de\/index.php?rest_route=\/wp\/v2\/pages\/10\/revisions"}],"predecessor-version":[{"id":1489,"href":"http:\/\/orthopaedie-kulmbach.de\/index.php?rest_route=\/wp\/v2\/pages\/10\/revisions\/1489"}],"wp:attachment":[{"href":"http:\/\/orthopaedie-kulmbach.de\/index.php?rest_route=%2Fwp%2Fv2%2Fmedia&parent=10"}],"curies":[{"name":"wp","href":"https:\/\/api.w.org\/{rel}","templated":true}]}}